{"id":7547,"date":"2015-11-27T20:57:44","date_gmt":"2015-11-27T20:57:44","guid":{"rendered":"https:\/\/test4.mi-backup.ch\/neuzeitliches-wunder\/"},"modified":"2022-06-01T19:42:09","modified_gmt":"2022-06-01T17:42:09","slug":"wspolczesny-cud","status":"publish","type":"page","link":"https:\/\/test4.mi-backup.ch\/pl\/wspolczesny-cud\/","title":{"rendered":"Wsp\u00f3\u0142czesny cud"},"content":{"rendered":"<p>Sprawozdanie z autentycznego cudu, kt\u00f3ry wydarzy\u0142 si\u0119 za wstawiennictwem Naj\u015bwi\u0119tszej Maryi Panny od Cudownego Medalika. Niech nam to pomo\u017ce umocni\u0107 ufno\u015b\u0107 do Maryi i Jej Medalika.<\/p>\n<p><img loading=\"lazy\" class=\"alignright\" src=\"https:\/\/test4.mi-backup.ch\/wp-content\/uploads\/media\/OurLadyoftheMiraculousMedal-6.jpg\" alt=\"\" width=\"250\" height=\"363\" align=\"right\" border=\"1\" hspace=\"5\" vspace=\"5\" \/>Pewna brazylijska matka w 1995 roku odby\u0142a pielgrzymk\u0119 ze swymi ma\u0142ymi, pi\u0119cioletnimi c\u00f3reczkami do Rue du Bac w Pary\u017cu, gdzie Maryja dawniej ukaza\u0142a si\u0119 \u015bw. Katarzynie Labour\u00e9. Dziecko cierpia\u0142o na osobliwy zanik mi\u0119\u015bni, kt\u00f3ry przez lekarzy zosta\u0142 uznany za nieuleczalny. R\u0119ce by\u0142y wtedy ju\u017c ca\u0142kowicie sparali\u017cowane i skurczone. Kobieta wcze\u015bniej przeczyta\u0142a nieco na temat objawienia Matki Bo\u017cej w Pary\u017cu. Pewna okoliczno\u015b\u0107 szczeg\u00f3lnie j\u0105 dotkn\u0119\u0142a. W swoim pierwszym objawieniu podczas rozmowy z Katarzyn\u0105 Labour\u00e9 Maryja siedzia\u0142a na wy\u015bcie\u0142anym krze\u015ble, kt\u00f3re sta\u0142o tam w ko\u015bciele. Mo\u017cna je jeszcze dzi\u015b tam obejrze\u0107. Tak wi\u0119c ta pani wpad\u0142a na pomys\u0142, co do kt\u00f3rego by\u0142a pewna: gdyby jej c\u00f3rka mog\u0142a na tym krze\u015ble usi\u0105\u015b\u0107, Matka Bo\u017ca j\u0105 uzdrowi\u0142aby. Wierz\u0105c w to, odby\u0142a podr\u00f3\u017c do Pary\u017ca. Przybywszy do ko\u015bcio\u0142a, kt\u00f3ry zawsze jest odwiedzany przez wielu wiernych, zobaczy\u0142a, \u017ce nie jest wcale \u0142atwo dosta\u0107 si\u0119 do krzes\u0142a Matki Bo\u017cej. Miejsce objawie\u0144 by\u0142o odgrodzone sznurami. Zapyta\u0142a jedn\u0105 z si\u00f3str mi\u0142osierdzia, kt\u00f3ra w\u0142a\u015bnie czy\u015bci\u0142a ko\u015bci\u00f3\u0142, czy jej c\u00f3rka mog\u0142aby usi\u0105\u015b\u0107 na krze\u015ble.<\/p>\n<p>Ale siostra odpowiedzia\u0142a: \u201eProsz\u0119 wybaczy\u0107, nie mog\u0119 Pani na to pozwoli\u0107, inaczej przecie\u017c ka\u017cdy o to b\u0119dzie prosi\u0142 \u2013 a to niemo\u017cliwe.\u201d. Dla matki by\u0142o to oczywi\u015bcie ci\u0119\u017ckie rozczarowanie. Gdy siostry posz\u0142y, uknu\u0142a inny plan: je\u015bli jej c\u00f3reczka nie mo\u017ce usi\u0105\u015b\u0107 na krze\u015ble, niech przynajmniej go dotknie. Szepn\u0119\u0142a jej, aby na czworakach przeczo\u0142ga\u0142a si\u0119 pod sznurami do krzes\u0142a i od do\u0142u go dotkn\u0119\u0142a. Dziewczynka zrobi\u0142a to, o co j\u0105 matka poprosi\u0142a. Jednak\u017ce, gdy tylko tam dosz\u0142a, nagle wsta\u0142a, po\u0142o\u017cy\u0142a g\u0142\u00f3wk\u0119 na aksamitnej tapicerce i po jakim\u015b dopiero czasie przyczo\u0142ga\u0142a si\u0119 z powrotem. Matka skarci\u0142a j\u0105: \u201eDlaczego\u015b to zrobi\u0142a? Przecie\u017c ci powiedzia\u0142am, masz tylko na chwil\u0119 dotkn\u0105\u0107 krzes\u0142a!\u201d Dziecina odpowiedzia\u0142a rozpromieniona: \u201eAle mamo, PANI powiedzia\u0142a mi, \u017ce mam po\u0142o\u017cy\u0107 g\u0142ow\u0119 na jej kolanach.\u201d<\/p>\n<p>Po powrocie do Brazylii, lekarze mogli orzec, \u017ce dziecko zosta\u0142o ca\u0142kowicie uzdrowione.<br \/>\nTo wydarzenie we wspania\u0142y spos\u00f3b obrazuje nam, z jakim nastawieniem i z jak\u0105 ufno\u015bci\u0105 powinni\u015bmy przychodzi\u0107 do Maryi: jak ta dziewczynka, kt\u00f3ra sw\u0105 g\u0142\u00f3wk\u0119 po\u0142o\u017cy\u0142a na kolanach Matki Bo\u017cej. Kto pozwala tkn\u0105\u0107 si\u0119 Maryi Jej mi\u0142o\u015bci\u0105, ten b\u0119dzie uleczony z wielu ran i smutk\u00f3w.<\/p>\n","protected":false},"excerpt":{"rendered":"<p>Sprawozdanie z autentycznego cudu, kt\u00f3ry wydarzy\u0142 si\u0119 za wstawiennictwem Naj\u015bwi\u0119tszej Maryi Panny od Cudownego Medalika. Niech nam to pomo\u017ce umocni\u0107 ufno\u015b\u0107 do Maryi i Jej Medalika. Pewna brazylijska matka w 1995 roku odby\u0142a pielgrzymk\u0119 ze swymi ma\u0142ymi, pi\u0119cioletnimi c\u00f3reczkami do Rue du Bac w Pary\u017cu, gdzie Maryja dawniej ukaza\u0142a si\u0119<a class=\"more-link\" href=\"https:\/\/test4.mi-backup.ch\/pl\/wspolczesny-cud\/\">Czytaj dalej &rarr;<\/a><\/p>\n","protected":false},"author":9,"featured_media":0,"parent":0,"menu_order":0,"comment_status":"closed","ping_status":"closed","template":"","meta":[],"_links":{"self":[{"href":"https:\/\/test4.mi-backup.ch\/pl\/wp-json\/wp\/v2\/pages\/7547"}],"collection":[{"href":"https:\/\/test4.mi-backup.ch\/pl\/wp-json\/wp\/v2\/pages"}],"about":[{"href":"https:\/\/test4.mi-backup.ch\/pl\/wp-json\/wp\/v2\/types\/page"}],"author":[{"embeddable":true,"href":"https:\/\/test4.mi-backup.ch\/pl\/wp-json\/wp\/v2\/users\/9"}],"replies":[{"embeddable":true,"href":"https:\/\/test4.mi-backup.ch\/pl\/wp-json\/wp\/v2\/comments?post=7547"}],"version-history":[{"count":8,"href":"https:\/\/test4.mi-backup.ch\/pl\/wp-json\/wp\/v2\/pages\/7547\/revisions"}],"predecessor-version":[{"id":62376,"href":"https:\/\/test4.mi-backup.ch\/pl\/wp-json\/wp\/v2\/pages\/7547\/revisions\/62376"}],"wp:attachment":[{"href":"https:\/\/test4.mi-backup.ch\/pl\/wp-json\/wp\/v2\/media?parent=7547"}],"curies":[{"name":"wp","href":"https:\/\/api.w.org\/{rel}","templated":true}]}}