{"id":7548,"date":"2016-03-04T03:13:20","date_gmt":"2016-03-04T03:13:20","guid":{"rendered":"https:\/\/test4.mi-backup.ch\/welche-wundertaetige-medaille-ist-echt\/"},"modified":"2022-01-13T17:41:33","modified_gmt":"2022-01-13T16:41:33","slug":"autentyczny-medalik","status":"publish","type":"page","link":"https:\/\/test4.mi-backup.ch\/pl\/autentyczny-medalik\/","title":{"rendered":"Kt\u00f3ry Cudowny Medalik jest autentyczny?"},"content":{"rendered":"<figure style=\"width: 350px\" class=\"wp-caption alignright\"><img loading=\"lazy\" src=\"https:\/\/test4.mi-backup.ch\/wp-content\/uploads\/media\/Aktuelles\/2016\/Catherine-et-la-medaille-miraculeuse.JPG\" alt=\"\" width=\"350\" height=\"520\" \/><figcaption class=\"wp-caption-text\">Objawienie si\u0119 \u015bw. Katarzynie Labour\u00e9<\/figcaption><\/figure>\n<p>Raz po raz spotykamy si\u0119 z g\u0142osami krytyki, jakoby nasze medaliki nie by\u0142y autentyczne i przez to by\u0142y pozbawione mocy, gdy\u017c nie zgadza si\u0119 liczba ramion gwiazd albo jaki\u015b inny szczeg\u00f3\u0142 nie zosta\u0142 wiernie odwzorowany. Najwa\u017cniejsze argumenty dotycz\u0105 kszta\u0142tu i rozmieszczenia gwiazd, pomini\u0119cia pewnych s\u0142\u00f3w aktu strzelistego lub innych szczeg\u00f3\u0142\u00f3w (daty, w\u0119\u017ca itp.).<\/p>\n<h3>Kwesti\u0119 t\u0119 podj\u0105\u0142 ks. Karol Stehlin<\/h3>\n<p><em>\u015aw. Katarzyna Labour\u00e9 zwierzy\u0142a si\u0119 z objawie\u0144 w 1830 r. wy\u0142\u0105cznie swemu spowiednikowi, ojcu Aladelowi, i tylko jemu zawdzi\u0119czamy dok\u0142adne sprawozdanie z wydarze\u0144 przy ulicy Rue de Bac. Dysponuj\u0119 egzemplarzem pierwszego wydania ksi\u0105\u017cki o. Aladela z ok. 1845 r. Zawiera ona opis objawie\u0144 i kilku cud\u00f3w, kt\u00f3re dokona\u0142y si\u0119 na ca\u0142ym \u015bwiecie za spraw\u0105 medalika.<\/em><\/p>\n<p><em>Podczas objawienia z 27 XI 1830 r. wok\u00f3\u0142 Matki Bo\u017cej tworzy si\u0119 owalne obramowanie, na kt\u00f3rym jest napisane z\u0142otymi literami: <strong>\u201eO Maryjo bez grzechu pocz\u0119ta, m\u00f3dl si\u0119 za nami, kt\u00f3rzy si\u0119 do Ciebie uciekamy.\u201d<\/strong> Jednocze\u015bnie Katarzyna s\u0142yszy s\u0142owa: \u201eNiech na podstawie tego widoku zostanie wybity medalik. Osoby, kt\u00f3re go nosz\u0105, otrzymaj\u0105 wielkie \u0142aski. \u0141aski udzielone tym, kt\u00f3rzy ufaj\u0105, b\u0119d\u0105 szczeg\u00f3lnie wielkie.\u201d Nast\u0119pnie spostrzega liter\u0119 <strong>M<\/strong>, nad kt\u00f3r\u0105 znajduje si\u0119 krzy\u017c, spoczywaj\u0105cy na belce poprzecznej, a poni\u017cej serce Jezusa otoczone koron\u0105 cierniow\u0105 i serce Maryi przeszyte mieczem.<\/em><\/p>\n<figure style=\"width: 350px\" class=\"wp-caption alignright\"><img loading=\"lazy\" src=\"https:\/\/test4.mi-backup.ch\/wp-content\/uploads\/media\/Aktuelles\/2016\/Erste_Medaille.jpg\" alt=\"\" width=\"350\" height=\"290\" \/><figcaption class=\"wp-caption-text\"><em>Pierwszy Medalik, 1832<\/em><\/figcaption><\/figure>\n<p><em>Tym samym otrzymujemy istotne elementy, kt\u00f3re s\u0105 niezb\u0119dne, aby mo\u017cna by\u0142o rzeczywi\u015bcie nazwa\u0107 ten medalik \u201eCudownym Medalikiem\u201d z Rue de Bac.<\/em><\/p>\n<p><em>Z pewno\u015bci\u0105 najwierniejszego i najlepszego urzeczywistnienia tego opisu nale\u017cy szuka\u0107 przy samej Rue de Bac, gdzie od wielu lat wybija si\u0119 ci\u0105gle ten sam medalik, tylko z napisem w j\u0119zyku francuskim. Jest tam jednak kilka dodatk\u00f3w, nie wyst\u0119puj\u0105cych w tek\u015bcie oryginalnym, np. data 1830.<\/em><\/p>\n<p><em>Wa\u017cna jest przy tym uwaga Matki Bo\u017cej, aby wybija\u0107 ten medalik zgodnie z wizj\u0105 Katarzyny. Tak wspania\u0142ej wizji nie da si\u0119 po prostu przela\u0107 na papier, tym bardziej \u017ce figury Matki Bo\u017cej z Lourdes i Fatimskiej r\u00f3\u017cni\u0105 si\u0119 szczeg\u00f3\u0142ami, ale wszystkie je nale\u017cy uwa\u017ca\u0107 za autentyczne.<\/em><\/p>\n<figure id=\"attachment_48077\" aria-describedby=\"caption-attachment-48077\" style=\"width: 339px\" class=\"wp-caption alignright\"><a href=\"https:\/\/test4.mi-backup.ch\/wp-content\/uploads\/2022\/01\/neue-medaille-gold2.jpg\"><img loading=\"lazy\" class=\"wp-image-48077\" src=\"https:\/\/test4.mi-backup.ch\/wp-content\/uploads\/2022\/01\/neue-medaille-gold2.jpg\" alt=\"\" width=\"339\" height=\"271\" srcset=\"https:\/\/test4.mi-backup.ch\/wp-content\/uploads\/2022\/01\/neue-medaille-gold2.jpg 1000w, https:\/\/test4.mi-backup.ch\/wp-content\/uploads\/2022\/01\/neue-medaille-gold2-300x240.jpg 300w, https:\/\/test4.mi-backup.ch\/wp-content\/uploads\/2022\/01\/neue-medaille-gold2-768x614.jpg 768w, https:\/\/test4.mi-backup.ch\/wp-content\/uploads\/2022\/01\/neue-medaille-gold2-425x340.jpg 425w, https:\/\/test4.mi-backup.ch\/wp-content\/uploads\/2022\/01\/neue-medaille-gold2-600x480.jpg 600w\" sizes=\"(max-width: 339px) 100vw, 339px\" \/><\/a><figcaption id=\"caption-attachment-48077\" class=\"wp-caption-text\">Medalik MI<\/figcaption><\/figure>\n<p><em>Tak rozumia\u0142 t\u0119 kwesti\u0119 r\u00f3wnie\u017c ojciec Aladel, skoro w jednej ksi\u0105\u017cce znajduj\u0105 si\u0119 r\u00f3\u017cne miedzioryty i ilustracje, kt\u00f3re ukazuj\u0105 medalik w spos\u00f3b do\u015b\u0107 zr\u00f3\u017cnicowany: z jedn\u0105 gwiazd\u0105, z wi\u0119ksz\u0105 liczb\u0105 gwiazd, czasami z sze\u015bcioma ramionami, a czasami z pi\u0119cioma.<\/em><br \/>\n<em>Pojawia si\u0119 jeszcze nast\u0119puj\u0105cy argument: chc\u0105c wybi\u0107 medalik dok\u0142adnie tak, jak widzia\u0142a go \u015bw. Katarzyna, musiano by umieszcza\u0107 na nim modlitw\u0119 tylko w j\u0119zyku francuskim, podczas gdy Ko\u015bci\u00f3\u0142 od pocz\u0105tku zezwala na jej t\u0142umaczenie na inne j\u0119zyki. Ot\u00f3\u017c francuszczyzna jest bardzo precyzyjna i zwi\u0119z\u0142a. T\u0142umacz\u0105c dos\u0142ownie modlitw\u0119 z Rue de Bac, uzyskujemy w wi\u0119kszo\u015bci j\u0119zyk\u00f3w jej znacz\u0105ce wyd\u0142u\u017cenie, co stwarza du\u017cy problem przy wybijaniu: albo tekst staje si\u0119 w\u00f3wczas nieczytelny, albo trzeba go nieco skr\u00f3ci\u0107, co istotnie od dawna si\u0119 czyni. R\u00f3wnie\u017c te wizerunki Cudownego Medalika s\u0105 uznawane przez Ko\u015bci\u00f3\u0142.<\/em><\/p>\n<p><em>By\u0107 mo\u017ce nale\u017cy si\u0119 przyjrze\u0107 problematyce zarzutu \u201enieautentyczno\u015bci medalika\u201d jeszcze nieco bli\u017cej: medalik nale\u017cy bowiem do sakramentali\u00f3w, czyli jest \u015bwi\u0119tym znakiem, symbolicznym przedmiotem, za kt\u00f3rego po\u015brednictwem udzielane s\u0105 \u0142aski.<\/em><\/p>\n<h5>Jaka jest szczeg\u00f3lna \u0142aska Cudownego Medalika?<\/h5>\n<p><em>Jest ni\u0105 duchowa obecno\u015b\u0107 i skuteczne dzia\u0142anie Niepokalanej w naszym \u017cyciu: dzi\u0119ki medalikowi jeste\u015bmy na co dzie\u0144 zwi\u0105zani z nasz\u0105 Matk\u0105 niebiesk\u0105 i do\u015bwiadczamy jej szczeg\u00f3lnej pomocy.<br \/>\nMaterialny znak powinien przypomina\u0107 nam o wielkich, wspania\u0142ych tajemnicach maryjnych. W istocie, medalik przypomina o wszystkich wielkich prawdach i \u201ewspania\u0142o\u015bciach Maryi\u201d. W jeden malutki medalik nie mo\u017cna jednak wt\u0142oczy\u0107 wszystkich wielkich tajemnic Niepokalanej. Medalik jest zarazem widzialnym przypomnieniem i upomnieniem: \u201ePomy\u015bl o mnie, Ja jestem przy tobie!\u201d \u2013 a poprzez medalik sama Niepokalana staje przed mymi oczyma, abym j\u0105 czci\u0142, kocha\u0142 i s\u0142ucha\u0142 jej nakaz\u00f3w.<\/em><\/p>\n<p><em>W podobny spos\u00f3b czcimy figur\u0119 Matki Bo\u017cej Fatimskiej, ale nikomu nie przysz\u0142oby do g\u0142owy, by gdzie\u015b na figurze szuka\u0107 wszystkich tajemnic, cud\u00f3w i wydarze\u0144 fatimskich. Figura stanowi przypomnienie o pot\u0119dze i dzia\u0142aj\u0105cej mi\u0142o\u015bci Niepokalanego Serca Maryi, a nie spis tre\u015bci wszystkiego, co zdarzy\u0142o si\u0119 w Fatimie.<\/em><\/p>\n<p><em>Singapur, 3 marca 2016<\/em><\/p>\n","protected":false},"excerpt":{"rendered":"<p>Raz po raz spotykamy si\u0119 z g\u0142osami krytyki, jakoby nasze medaliki nie by\u0142y autentyczne i przez to by\u0142y pozbawione mocy, gdy\u017c nie zgadza si\u0119 liczba ramion gwiazd albo jaki\u015b inny szczeg\u00f3\u0142 nie zosta\u0142 wiernie odwzorowany. Najwa\u017cniejsze argumenty dotycz\u0105 kszta\u0142tu i rozmieszczenia gwiazd, pomini\u0119cia pewnych s\u0142\u00f3w aktu strzelistego lub innych szczeg\u00f3\u0142\u00f3w<a class=\"more-link\" href=\"https:\/\/test4.mi-backup.ch\/pl\/autentyczny-medalik\/\">Czytaj dalej &rarr;<\/a><\/p>\n","protected":false},"author":9,"featured_media":0,"parent":0,"menu_order":0,"comment_status":"closed","ping_status":"closed","template":"","meta":[],"_links":{"self":[{"href":"https:\/\/test4.mi-backup.ch\/pl\/wp-json\/wp\/v2\/pages\/7548"}],"collection":[{"href":"https:\/\/test4.mi-backup.ch\/pl\/wp-json\/wp\/v2\/pages"}],"about":[{"href":"https:\/\/test4.mi-backup.ch\/pl\/wp-json\/wp\/v2\/types\/page"}],"author":[{"embeddable":true,"href":"https:\/\/test4.mi-backup.ch\/pl\/wp-json\/wp\/v2\/users\/9"}],"replies":[{"embeddable":true,"href":"https:\/\/test4.mi-backup.ch\/pl\/wp-json\/wp\/v2\/comments?post=7548"}],"version-history":[{"count":8,"href":"https:\/\/test4.mi-backup.ch\/pl\/wp-json\/wp\/v2\/pages\/7548\/revisions"}],"predecessor-version":[{"id":48086,"href":"https:\/\/test4.mi-backup.ch\/pl\/wp-json\/wp\/v2\/pages\/7548\/revisions\/48086"}],"wp:attachment":[{"href":"https:\/\/test4.mi-backup.ch\/pl\/wp-json\/wp\/v2\/media?parent=7548"}],"curies":[{"name":"wp","href":"https:\/\/api.w.org\/{rel}","templated":true}]}}