{"id":7550,"date":"2016-07-31T19:52:32","date_gmt":"2016-07-31T19:52:32","guid":{"rendered":"https:\/\/test4.mi-backup.ch\/mi-gebetskreuzzug\/"},"modified":"2018-11-25T14:23:52","modified_gmt":"2018-11-25T13:23:52","slug":"krucjata-modlitewna-mi","status":"publish","type":"page","link":"https:\/\/test4.mi-backup.ch\/pl\/krucjata-modlitewna-mi\/","title":{"rendered":"Krucjata modlitewna MI"},"content":{"rendered":"<div style=\"width: 300px;float: right;padding-left: 15px\">\n<p><img loading=\"lazy\" class=\"alignright\" src=\"https:\/\/test4.mi-backup.ch\/wp-content\/uploads\/media\/kolbe_Rosenkranz.jpg\" alt=\"\" width=\"300\" height=\"373\" \/><\/p>\n<p style=\"text-align: center\"><span style=\"font-family: tahoma,geneva,sans-serif\"><strong>Intencje modlitewne MI<\/strong><\/span><\/p>\n<ul>\n<li><span style=\"font-family: tahoma,geneva,sans-serif\">Ratunek dla dusz<\/span><\/li>\n<li><span style=\"font-family: tahoma,geneva,sans-serif\">Triumf Niepokalanego Serca Maryi<\/span><\/li>\n<li><span style=\"font-family: tahoma,geneva,sans-serif\">Aby ca\u0142y \u015bwiat powr\u00f3ci\u0142 do Chrystusa przez Niepokalan\u0105<\/span><\/li>\n<\/ul>\n<\/div>\n<p>\u015aw. Maksymilian wci\u0105\u017c powtarza\u0142, \u017ce g\u0142\u00f3wnym \u015brodkiem w walce Rycerstwa Niepokalanej jest modlitwa. Od samego pocz\u0105tku rycerze Niepokalanej mogli zg\u0142asza\u0107 r\u00f3wnie\u017c swoje osobiste pro\u015bby w sekretariacie MI. Tak wi\u0119c rycerze zawsze modlili si\u0119 nie tylko w intencjach og\u00f3lnych, lecz r\u00f3wnie\u017c w intencjach innych rycerzy.<\/p>\n<p>Kieruj\u0105c si\u0119 tym wzorem ks. K. Stehlin wzywa wszystkich rycerzy MI, by przy\u0142\u0105czyli si\u0119 do <em>Krucjaty Modlitewnej Rycerstwa Niepokalanej<\/em>. Zach\u0119camy do przeczytania jego <a href=\"https:\/\/test4.mi-backup.ch\/pl\/list-o-krucjacie-modlitewnej\/\">listu o modlitwie i krucjacie modlitewnej<\/a>.<\/p>\n<p>Wsp\u00f3lna Krucjata Modlitewna polega na tym, \u017ceby wed\u0142ug mo\u017cliwo\u015bci wszyscy rycerze modlili si\u0119 jedn\u0105 dziesi\u0105tk\u0119 r\u00f3\u017ca\u0144ca i modlitw\u0119 \u015bw. Bernarda <em>Memorare<\/em> (<em>Pomnij, o najmi\u0142osierniejsza Panno Maryjo<\/em>) w szczeg\u00f3lnych intencjach wsp\u00f3\u0142rycerzy. Poprzez codzienne modlitwy rycerzy za siebie Rycerstwo Niepokalanej staje si\u0119 duchow\u0105 armi\u0105. Modlitwy te nie s\u0105 obowi\u0105zkiem rycerzy, s\u0105 raczej spraw\u0105 honorow\u0105 ka\u017cdego rycerza.<\/p>\n<p>Zach\u0119camy do przy\u0142\u0105czenia si\u0119 do Krucjaty Modlitewnej. Wsp\u00f3lna modlitwa rycerzy u tronu Niepokalanej mo\u017ce wiele zdzia\u0142a\u0107!<\/p>\n<div  class=\"shortcode-box border-box style-yellowlight table\" ><div class='shortcode-box-icon table-cell-mid'><i class='fa fa-pencil'><\/i><\/div><div class=\"shortcode-box-content table-cell-mid\"><\/p>\n<p><strong>Zawsze pami\u0119tajmy:<\/strong><\/p>\n<ul>\n<li>Gdy z powag\u0105 modlimy si\u0119 za siebie, b\u0119dziemy wys\u0142uchani.<\/li>\n<li>Gdy modlimy si\u0119 za innych, b\u0119dziemy podw\u00f3jnie wys\u0142uchani.<\/li>\n<\/ul>\n<p><\/div><\/div>\n<div  class=\"shortcode-box border-box style-bluelight table\" ><div class='shortcode-box-icon table-cell-mid'><i class='fa fa-info-circle'><\/i><\/div><div class=\"shortcode-box-content table-cell-mid\"><\/p>\n<p>Wszyscy Rycerze Niepokalanej mog\u0105 przesy\u0142a\u0107 intencje modlitewne (lub podzi\u0119kowania) na poni\u017cszy adres e-mail:<\/p>\n<p><a href=\"mailto:krucjatamodlitewna@militia-immaculatae.info\"><strong>krucjatamodlitewna(at)militia-immaculatae.info<\/strong><\/a><\/p>\n<p><\/div><\/div>\n","protected":false},"excerpt":{"rendered":"<p>Intencje modlitewne MI Ratunek dla dusz Triumf Niepokalanego Serca Maryi Aby ca\u0142y \u015bwiat powr\u00f3ci\u0142 do Chrystusa przez Niepokalan\u0105 \u015aw. Maksymilian wci\u0105\u017c powtarza\u0142, \u017ce g\u0142\u00f3wnym \u015brodkiem w walce Rycerstwa Niepokalanej jest modlitwa. Od samego pocz\u0105tku rycerze Niepokalanej mogli zg\u0142asza\u0107 r\u00f3wnie\u017c swoje osobiste pro\u015bby w sekretariacie MI. Tak wi\u0119c rycerze zawsze modlili<a class=\"more-link\" href=\"https:\/\/test4.mi-backup.ch\/pl\/krucjata-modlitewna-mi\/\">Czytaj dalej &rarr;<\/a><\/p>\n","protected":false},"author":9,"featured_media":0,"parent":0,"menu_order":0,"comment_status":"closed","ping_status":"closed","template":"","meta":[],"_links":{"self":[{"href":"https:\/\/test4.mi-backup.ch\/pl\/wp-json\/wp\/v2\/pages\/7550"}],"collection":[{"href":"https:\/\/test4.mi-backup.ch\/pl\/wp-json\/wp\/v2\/pages"}],"about":[{"href":"https:\/\/test4.mi-backup.ch\/pl\/wp-json\/wp\/v2\/types\/page"}],"author":[{"embeddable":true,"href":"https:\/\/test4.mi-backup.ch\/pl\/wp-json\/wp\/v2\/users\/9"}],"replies":[{"embeddable":true,"href":"https:\/\/test4.mi-backup.ch\/pl\/wp-json\/wp\/v2\/comments?post=7550"}],"version-history":[{"count":10,"href":"https:\/\/test4.mi-backup.ch\/pl\/wp-json\/wp\/v2\/pages\/7550\/revisions"}],"predecessor-version":[{"id":14270,"href":"https:\/\/test4.mi-backup.ch\/pl\/wp-json\/wp\/v2\/pages\/7550\/revisions\/14270"}],"wp:attachment":[{"href":"https:\/\/test4.mi-backup.ch\/pl\/wp-json\/wp\/v2\/media?parent=7550"}],"curies":[{"name":"wp","href":"https:\/\/api.w.org\/{rel}","templated":true}]}}