{"id":7551,"date":"2016-10-02T19:24:35","date_gmt":"2016-10-02T19:24:35","guid":{"rendered":"https:\/\/test4.mi-backup.ch\/mi-zeitschrift\/"},"modified":"2022-08-27T14:54:29","modified_gmt":"2022-08-27T12:54:29","slug":"czasopisma-mi","status":"publish","type":"page","link":"https:\/\/test4.mi-backup.ch\/pl\/czasopisma-mi\/","title":{"rendered":"Czasopisma MI"},"content":{"rendered":"<p>Na tej stronie prezentujemy czasopisma wydawane przez Rycerzy Niepokalanej w Polsce.<\/p>\n<hr \/>\n<h4>Triumf Niepokalanej<\/h4>\n<p><a href=\"https:\/\/test4.mi-backup.ch\/wp-content\/uploads\/2018\/01\/tn-logo-300x150.jpg\"><img loading=\"lazy\" class=\"wp-image-8892 size-medium alignright\" src=\"https:\/\/test4.mi-backup.ch\/wp-content\/uploads\/2018\/01\/tn-logo-300x150.jpg\" alt=\"\" width=\"300\" height=\"150\" srcset=\"https:\/\/test4.mi-backup.ch\/wp-content\/uploads\/2018\/01\/tn-logo-300x150.jpg 300w, https:\/\/test4.mi-backup.ch\/wp-content\/uploads\/2018\/01\/tn-logo.jpg 600w, https:\/\/test4.mi-backup.ch\/wp-content\/uploads\/2018\/01\/tn-logo-425x213.jpg 425w\" sizes=\"(max-width: 300px) 100vw, 300px\" \/><\/a>Czasopismo istnieje od 2007\u00a0r.: najpierw jako kwartalnik \u201eMiles Immaculatae\u201d, od\u00a02008\u00a0r. jako miesi\u0119cznik \u201eNiepokalana Zwyci\u0119\u017cy\u201d i\u00a0dodatek do <a href=\"http:\/\/www.piusx.org.pl\/zawsze_wierni\/\" target=\"_blank\" rel=\"noopener\">\u201eZawsze Wierni\u201d<\/a>, od\u00a0wrze\u015bnia 2012\u00a0r. do stycznia 2014\u00a0r. jako samodzielny miesi\u0119cznik \u201eTriumf Niepokalanej\u201d, od marca 2014\u00a0r. do kwietnia 2016\u00a0r. w dwumiesi\u0119czniku \u201eZawsze Wierni\u201d.\u00a0Od maja 2016 \u201eTriumf Niepokalanej\u201d ukazuje si\u0119 jako samodzielne pismo 3 razy do roku.<\/p>\n<p><a href=\"https:\/\/test4.mi-backup.ch\/pl\/czasopisma-mi\/triumf-niepokalanej\/\">Wi\u0119cej o Triumfie Niepokalanej<\/a><\/p>\n<hr \/>\n<h4>Rycerzyk<\/h4>\n<p><a href=\"https:\/\/test4.mi-backup.ch\/wp-content\/uploads\/2018\/01\/rycerzyk-logo.jpg\"><img loading=\"lazy\" class=\"alignright wp-image-8912\" src=\"https:\/\/test4.mi-backup.ch\/wp-content\/uploads\/2018\/01\/rycerzyk-logo-150x150.jpg\" alt=\"\" width=\"150\" height=\"180\" srcset=\"https:\/\/test4.mi-backup.ch\/wp-content\/uploads\/2018\/01\/rycerzyk-logo-250x300.jpg 250w, https:\/\/test4.mi-backup.ch\/wp-content\/uploads\/2018\/01\/rycerzyk-logo.jpg 300w\" sizes=\"(max-width: 150px) 100vw, 150px\" \/><\/a><\/p>\n<p>\u201eRycerzyk\u201d znowu rusza do boju! W l\u015bni\u0105cej zbroi, z mieczem w r\u0119ku i tarcz\u0105, na kt\u00f3rej widnieje krzy\u017c. To nie tylko ilustracja z ok\u0142adki najnowszego numeru pisma dla m\u0142odych katolik\u00f3w. Taki w\u0142a\u015bnie jest nasz \u201eRycerzyk\u201d: gotowy do walki pod znakiem Chrystusa i Matki Bo\u017cej!<\/p>\n<p>Pismo <a href=\"https:\/\/krucjata.fsspx.pl\/\" target=\"_blank\" rel=\"noopener\">Krucjaty Eucharystycznej<\/a>, adresowane do dziewcz\u0105t i ch\u0142opc\u00f3w, ukazuje si\u0119 od listopada 2016 roku.<\/p>\n<p><a href=\"https:\/\/test4.mi-backup.ch\/pl\/czasopisma-mi\/rycerzyk\/\">Wi\u0119cej o Rycerzyku<\/a><\/p>\n","protected":false},"excerpt":{"rendered":"<p>Na tej stronie prezentujemy czasopisma wydawane przez Rycerzy Niepokalanej w Polsce. Triumf Niepokalanej Czasopismo istnieje od 2007\u00a0r.: najpierw jako kwartalnik \u201eMiles Immaculatae\u201d, od\u00a02008\u00a0r. jako miesi\u0119cznik \u201eNiepokalana Zwyci\u0119\u017cy\u201d i\u00a0dodatek do \u201eZawsze Wierni\u201d, od\u00a0wrze\u015bnia 2012\u00a0r. do stycznia 2014\u00a0r. jako samodzielny miesi\u0119cznik \u201eTriumf Niepokalanej\u201d, od marca 2014\u00a0r. do kwietnia 2016\u00a0r. w dwumiesi\u0119czniku \u201eZawsze<a class=\"more-link\" href=\"https:\/\/test4.mi-backup.ch\/pl\/czasopisma-mi\/\">Czytaj dalej &rarr;<\/a><\/p>\n","protected":false},"author":9,"featured_media":37492,"parent":0,"menu_order":0,"comment_status":"closed","ping_status":"closed","template":"","meta":[],"_links":{"self":[{"href":"https:\/\/test4.mi-backup.ch\/pl\/wp-json\/wp\/v2\/pages\/7551"}],"collection":[{"href":"https:\/\/test4.mi-backup.ch\/pl\/wp-json\/wp\/v2\/pages"}],"about":[{"href":"https:\/\/test4.mi-backup.ch\/pl\/wp-json\/wp\/v2\/types\/page"}],"author":[{"embeddable":true,"href":"https:\/\/test4.mi-backup.ch\/pl\/wp-json\/wp\/v2\/users\/9"}],"replies":[{"embeddable":true,"href":"https:\/\/test4.mi-backup.ch\/pl\/wp-json\/wp\/v2\/comments?post=7551"}],"version-history":[{"count":10,"href":"https:\/\/test4.mi-backup.ch\/pl\/wp-json\/wp\/v2\/pages\/7551\/revisions"}],"predecessor-version":[{"id":9761,"href":"https:\/\/test4.mi-backup.ch\/pl\/wp-json\/wp\/v2\/pages\/7551\/revisions\/9761"}],"wp:featuredmedia":[{"embeddable":true,"href":"https:\/\/test4.mi-backup.ch\/pl\/wp-json\/wp\/v2\/media\/37492"}],"wp:attachment":[{"href":"https:\/\/test4.mi-backup.ch\/pl\/wp-json\/wp\/v2\/media?parent=7551"}],"curies":[{"name":"wp","href":"https:\/\/api.w.org\/{rel}","templated":true}]}}