{"id":7579,"date":"2017-12-07T16:58:29","date_gmt":"2017-12-07T15:58:29","guid":{"rendered":"https:\/\/test4.mi-backup.ch\/?page_id=7579"},"modified":"2020-08-26T11:42:52","modified_gmt":"2020-08-26T09:42:52","slug":"triumf-niepokalanej","status":"publish","type":"page","link":"https:\/\/test4.mi-backup.ch\/pl\/czasopisma-mi\/triumf-niepokalanej\/","title":{"rendered":"Triumf Niepokalanej"},"content":{"rendered":"<p><strong><a href=\"https:\/\/test4.mi-backup.ch\/wp-content\/uploads\/2018\/01\/tn-logo.jpg\"><img loading=\"lazy\" class=\"alignright size-medium wp-image-8892\" src=\"https:\/\/test4.mi-backup.ch\/wp-content\/uploads\/2018\/01\/tn-logo-300x150.jpg\" alt=\"\" width=\"300\" height=\"150\" srcset=\"https:\/\/test4.mi-backup.ch\/wp-content\/uploads\/2018\/01\/tn-logo-300x150.jpg 300w, https:\/\/test4.mi-backup.ch\/wp-content\/uploads\/2018\/01\/tn-logo.jpg 600w, https:\/\/test4.mi-backup.ch\/wp-content\/uploads\/2018\/01\/tn-logo-425x213.jpg 425w\" sizes=\"(max-width: 300px) 100vw, 300px\" \/><\/a>Triumf Niepokalanej<\/strong>\u00a0jest kontynuacj\u0105 wcze\u015bniejszego kwartalnika Niepokalana Zwyci\u0119\u017cy. Pragniemy, aby czasopismo by\u0142o faktyczn\u0105 kontynuacj\u0105 miesi\u0119cznika Rycerz Niepokalanej wydawanego za czas\u00f3w \u015bw.\u00a0Maksymiliana Marii Kolbego. Co by\u0142o jego istot\u0105? \u201eCelem\u00a0<em>Rycerza Niepokalanej<\/em>\u00a0jest nie tylko pog\u0142\u0119bi\u0107 i\u00a0umocni\u0107 wiar\u0119, wskaza\u0107 prawdziw\u0105 ascez\u0119 i\u00a0zapozna\u0107 wiernych z\u00a0mistyk\u0105 chrze\u015bcija\u0144sk\u0105 \u2014 pisa\u0142 \u015bw.\u00a0Maksymilian \u2014 ale tak\u017ce w\u00a0my\u015bl zasad \u00abMilicji Niepokalanej\u00bb, stara\u0107 si\u0119 o\u00a0nawr\u00f3cenie akatolik\u00f3w\u201d.<\/p>\n<p>Cho\u0107 czasy si\u0119 zmieni\u0142y, jednak ten sam cel jest jeszcze bardziej aktualny dzisiaj. Liczba niekatolik\u00f3w jest wi\u0119ksza ni\u017c kiedykolwiek. Po Soborze Watyka\u0144skim\u00a0II zmieni\u0142o si\u0119 r\u00f3wnie\u017c oblicze katolicyzmu. Obecnie mamy do czynienia z\u00a0bardzo niebezpieczn\u0105 sytuacj\u0105: cz\u0142onkowie Ko\u015bcio\u0142a katolickiego s\u0105 nara\u017ceni na b\u0142\u0105dzenie w\u00a0wierze, poniewa\u017c posoborowe nauczanie r\u00f3\u017cni si\u0119 od tradycyjnego. Dlatego w\u00a0naszym pi\u015bmie staramy si\u0119 prostowa\u0107 \u015bcie\u017cki wiary i\u00a0wiedzy, aby nasz Pan Jezus Chrystus m\u00f3g\u0142 powr\u00f3ci\u0107 do serc i\u00a0umys\u0142\u00f3w jak najwi\u0119kszej liczby dusz.<br \/>\nWiemy bardzo dobrze, \u017ce sami z\u00a0siebie nic nie mo\u017cemy, ale dzi\u0119ki \u0142askom, jakie wyjednuje nam Niepokalana, staje si\u0119 mo\u017cliwe poznanie prawdy i\u00a0oparcie na niej naszego \u017cycia i\u00a0dzia\u0142ania. Duchowo\u015b\u0107 i\u00a0styl \u015bw.\u00a0Maksymiliana jest nasz\u0105 inspiracj\u0105 i\u00a0drogowskazem: \u201eTon pisma b\u0119dzie zawsze przyjazny dla wszystkich bez wzgl\u0119du na r\u00f3\u017cnice wiary i\u00a0narodowo\u015bci. Mi\u0142o\u015b\u0107, kt\u00f3rej uczy\u0142 Chrystus \u2014 jego charakterem. I\u00a0w\u0142a\u015bnie z\u00a0tej mi\u0142o\u015bci ku zb\u0142\u0105kanym, a\u00a0przecie\u017c szukaj\u0105cym szcz\u0119\u015bcia duszom, postara si\u0119 pi\u0119tnowa\u0107 fa\u0142sz, wy\u015bwietla\u0107 prawd\u0119 i\u00a0wskazywa\u0107 prawdziw\u0105 drog\u0119 do szcz\u0119\u015bcia\u201d.<\/p>\n<hr \/>\n<h4>Najnowszy numer<\/h4>\n<figure style=\"width: 259px\" class=\"wp-caption alignright\"><a href=\"https:\/\/test4.mi-backup.ch\/wp-content\/uploads\/2020\/08\/TN-2020-03.pdf\" class=\"broken_link\"><img loading=\"lazy\" class=\"size-full\" src=\"https:\/\/test4.mi-backup.ch\/wp-content\/uploads\/2020\/08\/TN-2020-03-okladka-260x200-1.jpg\" alt=\"\" width=\"259\" height=\"200\" \/><\/a><figcaption class=\"wp-caption-text\"><a href=\"https:\/\/test4.mi-backup.ch\/wp-content\/uploads\/2020\/08\/TN-2020-03.pdf\" class=\"broken_link\">Pobierz najnowszy numer (PDF; 2,8 MB)<\/a><\/figcaption><\/figure>\n<p>Rok 2020, numer 3 (64)<\/p>\n<p>Temat numeru: <em>Ofiara Syna i Matki<\/em><\/p>\n<p>Zawarto\u015b\u0107:<\/p>\n<ul>\n<li>Praca przez cierpienie<\/li>\n<li>Ofiara Syna i Matki<\/li>\n<li>Nadzwyczajna cena ofiary<\/li>\n<li>Rycerskie historie pisane r\u0119k\u0105 Niepokalanej<\/li>\n<li>Czy jeste\u015b zwyci\u0119zc\u0105?<\/li>\n<li>Modlitwa Anio\u0142a Fatimskiego do Tr\u00f3jcy \u015awi\u0119tej<\/li>\n<li>Cuda jako argument apologetyczny<\/li>\n<li>Nieprzerwany apostolat M.I. w Polsce<\/li>\n<li>Powstanie ko\u0142a M.I. 2 \u2014 Krak\u00f3w Maryi<\/li>\n<li>Funkcjonowanie Centrali M.I.<\/li>\n<li>Apostolat Rycerzy w Dublinie (Irlandia)<\/li>\n<li>Rycerstwo Niepokalanej we Francji<\/li>\n<li>160 nowych Rycerzy w Long Prairie (USA)<\/li>\n<li>Akt odnowienia konsekracji w Davao (Filipiny)<\/li>\n<li>9 dni na nigeryjskich drogach i 868 Rycerzy<\/li>\n<li>Apostolat M.I. w Ameryce \u015arodkowej<\/li>\n<\/ul>\n<hr \/>\n<h4>Numery archiwalne<\/h4>\n<ul>\n<li><a href=\"https:\/\/test4.mi-backup.ch\/pl\/czasopisma-mi\/triumf-niepokalanej\/rocznik-2020\/\">Rocznik 2020<\/a><\/li>\n<li><a href=\"https:\/\/test4.mi-backup.ch\/pl\/czasopisma-mi\/triumf-niepokalanej\/rocznik-2019\/\">Rocznik 2019<\/a><\/li>\n<li><a href=\"https:\/\/test4.mi-backup.ch\/pl\/czasopisma-mi\/triumf-niepokalanej\/rocznik-2018\/\">Rocznik 2018<\/a><\/li>\n<li><a href=\"https:\/\/test4.mi-backup.ch\/pl\/czasopisma-mi\/triumf-niepokalanej\/rocznik-2017\/\">Rocznik 2017<\/a><\/li>\n<li><a href=\"https:\/\/test4.mi-backup.ch\/pl\/czasopisma-mi\/triumf-niepokalanej\/rocznik-2016\/\">Rocznik 2016<\/a><\/li>\n<li><a href=\"https:\/\/test4.mi-backup.ch\/pl\/czasopisma-mi\/triumf-niepokalanej\/rocznik-2015\/\">Rocznik 2015<\/a><\/li>\n<li><a href=\"https:\/\/test4.mi-backup.ch\/pl\/czasopisma-mi\/triumf-niepokalanej\/rocznik-2014\/\">Rocznik 2014<\/a><\/li>\n<li><a href=\"https:\/\/test4.mi-backup.ch\/pl\/czasopisma-mi\/triumf-niepokalanej\/rocznik-2013\/\">Rocznik 2013<\/a><\/li>\n<li><a href=\"https:\/\/test4.mi-backup.ch\/pl\/czasopisma-mi\/triumf-niepokalanej\/rocznik-2012\/\">Rocznik 2012<\/a><\/li>\n<\/ul>\n","protected":false},"excerpt":{"rendered":"<p>Triumf Niepokalanej\u00a0jest kontynuacj\u0105 wcze\u015bniejszego kwartalnika Niepokalana Zwyci\u0119\u017cy. Pragniemy, aby czasopismo by\u0142o faktyczn\u0105 kontynuacj\u0105 miesi\u0119cznika Rycerz Niepokalanej wydawanego za czas\u00f3w \u015bw.\u00a0Maksymiliana Marii Kolbego. Co by\u0142o jego istot\u0105? \u201eCelem\u00a0Rycerza Niepokalanej\u00a0jest nie tylko pog\u0142\u0119bi\u0107 i\u00a0umocni\u0107 wiar\u0119, wskaza\u0107 prawdziw\u0105 ascez\u0119 i\u00a0zapozna\u0107 wiernych z\u00a0mistyk\u0105 chrze\u015bcija\u0144sk\u0105 \u2014 pisa\u0142 \u015bw.\u00a0Maksymilian \u2014 ale tak\u017ce w\u00a0my\u015bl zasad \u00abMilicji Niepokalanej\u00bb,<a class=\"more-link\" href=\"https:\/\/test4.mi-backup.ch\/pl\/czasopisma-mi\/triumf-niepokalanej\/\">Czytaj dalej &rarr;<\/a><\/p>\n","protected":false},"author":9,"featured_media":0,"parent":7551,"menu_order":0,"comment_status":"closed","ping_status":"closed","template":"","meta":[],"_links":{"self":[{"href":"https:\/\/test4.mi-backup.ch\/pl\/wp-json\/wp\/v2\/pages\/7579"}],"collection":[{"href":"https:\/\/test4.mi-backup.ch\/pl\/wp-json\/wp\/v2\/pages"}],"about":[{"href":"https:\/\/test4.mi-backup.ch\/pl\/wp-json\/wp\/v2\/types\/page"}],"author":[{"embeddable":true,"href":"https:\/\/test4.mi-backup.ch\/pl\/wp-json\/wp\/v2\/users\/9"}],"replies":[{"embeddable":true,"href":"https:\/\/test4.mi-backup.ch\/pl\/wp-json\/wp\/v2\/comments?post=7579"}],"version-history":[{"count":10,"href":"https:\/\/test4.mi-backup.ch\/pl\/wp-json\/wp\/v2\/pages\/7579\/revisions"}],"predecessor-version":[{"id":30671,"href":"https:\/\/test4.mi-backup.ch\/pl\/wp-json\/wp\/v2\/pages\/7579\/revisions\/30671"}],"up":[{"embeddable":true,"href":"https:\/\/test4.mi-backup.ch\/pl\/wp-json\/wp\/v2\/pages\/7551"}],"wp:attachment":[{"href":"https:\/\/test4.mi-backup.ch\/pl\/wp-json\/wp\/v2\/media?parent=7579"}],"curies":[{"name":"wp","href":"https:\/\/api.w.org\/{rel}","templated":true}]}}