{"id":7582,"date":"2017-12-07T16:58:19","date_gmt":"2017-12-07T15:58:19","guid":{"rendered":"https:\/\/test4.mi-backup.ch\/?page_id=7582"},"modified":"2020-08-26T10:54:59","modified_gmt":"2020-08-26T08:54:59","slug":"rycerzyk","status":"publish","type":"page","link":"https:\/\/test4.mi-backup.ch\/pl\/czasopisma-mi\/rycerzyk\/","title":{"rendered":"Rycerzyk"},"content":{"rendered":"<p><a href=\"https:\/\/test4.mi-backup.ch\/wp-content\/uploads\/2018\/01\/rycerzyk-logo.jpg\"><img loading=\"lazy\" class=\"alignright wp-image-8912 size-medium\" src=\"https:\/\/test4.mi-backup.ch\/wp-content\/uploads\/2018\/01\/rycerzyk-logo-250x300.jpg\" alt=\"\" width=\"250\" height=\"300\" srcset=\"https:\/\/test4.mi-backup.ch\/wp-content\/uploads\/2018\/01\/rycerzyk-logo-250x300.jpg 250w, https:\/\/test4.mi-backup.ch\/wp-content\/uploads\/2018\/01\/rycerzyk-logo.jpg 300w\" sizes=\"(max-width: 250px) 100vw, 250px\" \/><\/a>Pismo <a href=\"https:\/\/krucjata.fsspx.pl\/\" target=\"_blank\" rel=\"noopener noreferrer\">Krucjaty Eucharystycznej<\/a>, adresowane do dziewcz\u0105t i ch\u0142opc\u00f3w, ukazuje si\u0119 od listopada 2016 roku.<\/p>\n<p>Mo\u017cna je naby\u0107 w <a href=\"http:\/\/www.tedeum.pl\/szukaj?q=rycerzyk\" target=\"_blank\" rel=\"noopener noreferrer\">ksi\u0119garni Te Deum<\/a>\u00a0lub pobra\u0107 w wersji elektronicznej (PDF) poni\u017cej:<\/p>\n<ul>\n<li><a href=\"https:\/\/test4.mi-backup.ch\/wp-content\/uploads\/2020\/08\/rycerzyk-2020-03.pdf\" class=\"broken_link\">Numer 16 (VII\u2013IX 2020)<\/a><\/li>\n<li><a href=\"https:\/\/test4.mi-backup.ch\/wp-content\/uploads\/2020\/04\/rycerzyk-2020-02.pdf\" class=\"broken_link\">Numer 15 (IV\u2013VI 2020)<\/a><\/li>\n<li><a href=\"https:\/\/test4.mi-backup.ch\/wp-content\/uploads\/2020\/01\/rycerzyk-2020-01.pdf\" class=\"broken_link\">Numer 14 (I\u2013III 2020)<\/a><\/li>\n<li><a href=\"https:\/\/test4.mi-backup.ch\/wp-content\/uploads\/2019\/10\/rycerzyk-2019-04.pdf\" class=\"broken_link\">Numer 13 (X\u2013XII 2019)<\/a><\/li>\n<li><a href=\"https:\/\/test4.mi-backup.ch\/wp-content\/uploads\/2019\/07\/rycerzyk-2019-03.pdf\" class=\"broken_link\">Numer 12 (VII\u2013IX 2019)<\/a><\/li>\n<li><a href=\"https:\/\/test4.mi-backup.ch\/wp-content\/uploads\/2019\/05\/rycerzyk-2019-02.pdf\" class=\"broken_link\">Numer 11 (IV\u2013VI 2019)<\/a><\/li>\n<li><a href=\"https:\/\/test4.mi-backup.ch\/wp-content\/uploads\/2019\/02\/rycerzyk-2019-01.pdf\" class=\"broken_link\">Numer 10 (I\u2013III 2019)<\/a><\/li>\n<li><a href=\"https:\/\/test4.mi-backup.ch\/wp-content\/uploads\/2018\/11\/rycerzyk-2018-04.pdf\" class=\"broken_link\">Numer 9 (X\u2013XII 2018)<\/a><\/li>\n<li><a href=\"https:\/\/test4.mi-backup.ch\/wp-content\/uploads\/2018\/11\/rycerzyk-2018-03.pdf\" class=\"broken_link\">Numer 8 (VII\u2013IX 2018)<\/a><\/li>\n<li><a href=\"https:\/\/test4.mi-backup.ch\/wp-content\/uploads\/2018\/06\/rycerzyk-2018-02.pdf\" class=\"broken_link\">Numer 7 (IV\u2013VI 2018)<\/a><\/li>\n<li><a href=\"https:\/\/test4.mi-backup.ch\/wp-content\/uploads\/2018\/02\/rycerzyk-2018-01.pdf\" class=\"broken_link\">Numer 6 (I\u2013III 2018)<\/a><\/li>\n<li><a href=\"https:\/\/test4.mi-backup.ch\/wp-content\/uploads\/2018\/02\/rycerzyk-2017-04.pdf\" class=\"broken_link\">Numer 5 (X\u2013XII 2017)<\/a><\/li>\n<li><a href=\"https:\/\/test4.mi-backup.ch\/wp-content\/uploads\/2018\/02\/rycerzyk-2017-03.pdf\" class=\"broken_link\">Numer 4 (VII\u2013IX 2017)<\/a><\/li>\n<li><a href=\"https:\/\/test4.mi-backup.ch\/wp-content\/uploads\/2018\/02\/rycerzyk-2017-02.pdf\" class=\"broken_link\">Numer 3 (IV\u2013VI 2017)<\/a><\/li>\n<li><a href=\"https:\/\/test4.mi-backup.ch\/wp-content\/uploads\/2018\/02\/rycerzyk-2017-01.pdf\" class=\"broken_link\">Numer 2 (I\u2013III 2017)<\/a><\/li>\n<li><a href=\"https:\/\/test4.mi-backup.ch\/wp-content\/uploads\/2018\/01\/rycerzyk-2016-01.pdf\" class=\"broken_link\">Numer 1 (X\u2013XII 2016)<\/a><\/li>\n<\/ul>\n","protected":false},"excerpt":{"rendered":"<p>Pismo Krucjaty Eucharystycznej, adresowane do dziewcz\u0105t i ch\u0142opc\u00f3w, ukazuje si\u0119 od listopada 2016 roku. Mo\u017cna je naby\u0107 w ksi\u0119garni Te Deum\u00a0lub pobra\u0107 w wersji elektronicznej (PDF) poni\u017cej: Numer 16 (VII\u2013IX 2020) Numer 15 (IV\u2013VI 2020) Numer 14 (I\u2013III 2020) Numer 13 (X\u2013XII 2019) Numer 12 (VII\u2013IX 2019) Numer 11 (IV\u2013VI<a class=\"more-link\" href=\"https:\/\/test4.mi-backup.ch\/pl\/czasopisma-mi\/rycerzyk\/\">Czytaj dalej &rarr;<\/a><\/p>\n","protected":false},"author":9,"featured_media":0,"parent":7551,"menu_order":0,"comment_status":"closed","ping_status":"closed","template":"","meta":[],"_links":{"self":[{"href":"https:\/\/test4.mi-backup.ch\/pl\/wp-json\/wp\/v2\/pages\/7582"}],"collection":[{"href":"https:\/\/test4.mi-backup.ch\/pl\/wp-json\/wp\/v2\/pages"}],"about":[{"href":"https:\/\/test4.mi-backup.ch\/pl\/wp-json\/wp\/v2\/types\/page"}],"author":[{"embeddable":true,"href":"https:\/\/test4.mi-backup.ch\/pl\/wp-json\/wp\/v2\/users\/9"}],"replies":[{"embeddable":true,"href":"https:\/\/test4.mi-backup.ch\/pl\/wp-json\/wp\/v2\/comments?post=7582"}],"version-history":[{"count":10,"href":"https:\/\/test4.mi-backup.ch\/pl\/wp-json\/wp\/v2\/pages\/7582\/revisions"}],"predecessor-version":[{"id":30647,"href":"https:\/\/test4.mi-backup.ch\/pl\/wp-json\/wp\/v2\/pages\/7582\/revisions\/30647"}],"up":[{"embeddable":true,"href":"https:\/\/test4.mi-backup.ch\/pl\/wp-json\/wp\/v2\/pages\/7551"}],"wp:attachment":[{"href":"https:\/\/test4.mi-backup.ch\/pl\/wp-json\/wp\/v2\/media?parent=7582"}],"curies":[{"name":"wp","href":"https:\/\/api.w.org\/{rel}","templated":true}]}}