{"id":7675,"date":"2017-10-25T19:40:05","date_gmt":"2017-10-25T17:40:05","guid":{"rendered":"https:\/\/test4.mi-backup.ch\/?page_id=7675"},"modified":"2018-11-25T14:27:17","modified_gmt":"2018-11-25T13:27:17","slug":"warunki-zakladania-grup-mi","status":"publish","type":"page","link":"https:\/\/test4.mi-backup.ch\/pl\/warunki-zakladania-grup-mi\/","title":{"rendered":"Warunki zak\u0142adania grup MI"},"content":{"rendered":"<h1 class=\"western\">Wytyczne dla zak\u0142adaj\u0105cych grupy MI<\/h1>\n<p>To jasne, \u017ce wsp\u00f3lna praca jest skuteczniejsza, a ponadto sprawia te\u017c wi\u0119cej rado\u015bci. R\u00f3wnie\u017c \u015bwi\u0119ty Maksymilian Kolbe przewidywa\u0142, \u017ce rycerze b\u0119d\u0105 si\u0119 regularnie spotyka\u0107, modl\u0105c si\u0119 i prowadz\u0105c dzia\u0142alno\u015b\u0107 apostolsk\u0105 (nazwa\u0142 to drugim stopniem MI).<\/p>\n<blockquote><p>\u201eNa drugim stopniu MI rycerze zrzeszaj\u0105 si\u0119 poprzez specjalne statuty i programy. Jednocz\u0105 swe si\u0142y, aby tym szybciej i skuteczniej osi\u0105gn\u0105\u0107 wyznaczony cel\u201d<\/p><\/blockquote>\n<p>(\u015bw. Maksymilian Kolbe)<\/p>\n<p>Pierwsze dzia\u0142ania nie s\u0105 przy tym skierowane na zewn\u0105trz, lecz do wewn\u0105trz. Tak m\u00f3wi\u0142 \u015bw. Jan Bosko o \u015bw. Dominiku Savio:<\/p>\n<blockquote><p>\u201eJako pierwszy krok do \u015bwi\u0119to\u015bci doradzano mu, aby pozyskiwa\u0142 dusze dla Boga; w istocie nie ma na \u015bwiecie nic \u015bwi\u0119tszego od wsp\u00f3lnej troski o zbawienie dusz, za kt\u00f3re Jezus Chrystus przela\u0142 ostatni\u0105 kropl\u0119 swej drogocennej krwi.\u201d<\/p><\/blockquote>\n<p>Wsp\u00f3lny apostolat w przeoracie albo kaplicy ma tym samym w pierwszej kolejno\u015bci pomaga\u0107 tamtejszym wiernym. Duch apostolski jest jednym z najlepszych sposob\u00f3w u\u015bwi\u0119cenia i zabezpieczania si\u0119 przed duchem \u015bwiata, gdy\u017c polega nie tylko na odrzuceniu tego ostatniego, lecz na czynnej walce z nim.<\/p>\n<p>Zanim jednak pomy\u015blimy o za\u0142o\u017ceniu grupy, dobrze jest podj\u0105\u0107 nast\u0119puj\u0105ce kroki:<\/p>\n<ol>\n<li>Pomodli\u0107 si\u0119 do Niepokalanej, aby pob\u0142ogos\u0142awi\u0142a przedsi\u0119wzi\u0119cie.<\/li>\n<li>Porozmawia\u0107 ze swoim kap\u0142anem o planie za\u0142o\u017cenia grupy MI.<\/li>\n<li>Je\u015bli kap\u0142an poprze inicjatyw\u0119, zastanowi\u0107 si\u0119 (ewentualnie wsp\u00f3lnie z nim), kto m\u00f3g\u0142by by\u0107 r\u00f3wnie\u017c zainteresowany wsp\u00f3\u0142prac\u0105 w ramach MI, i pozyskiwa\u0107 takie osoby. Pom\u00f3c w tym mog\u0105 nast\u0119puj\u0105ce \u015brodki:<br \/>\n\u2014 Kazanie i\/lub wyk\u0142ad na temat Rycerstwa Niepokalanej<br \/>\n\u2014 Bezpo\u015brednia rozmowa z potencjalnie zainteresowanymi wiernymi<br \/>\n\u2014 Udost\u0119pnienie informacji o MI, zw\u0142aszcza <a href=\"https:\/\/test4.mi-backup.ch\/pl\/warunki-przystapienia-do-mi\/\">wytycznych dotycz\u0105cych przyj\u0119cia<\/a>.<\/li>\n<li>Razem z przeorem okre\u015bli\u0107, jakie mog\u0142yby by\u0107 cele lokalnej grupy MI i jak najlepiej j\u0105 zorganizowa\u0107 (czynny apostolat, regularne spotkania modlitewne, wyk\u0142ady, procesje itp.). W razie potrzeby mo\u017cna skonsultowa\u0107 z nami <a href=\"https:\/\/test4.mi-backup.ch\/pl\/apostolat-w-szczegolach\/\">konkretne pomys\u0142y na apostolat<\/a>.<\/li>\n<\/ol>\n<div  class=\"shortcode-box border-box style-yellowlight table\" ><div class='shortcode-box-icon table-cell-mid'><i class='fa fa-pencil'><\/i><\/div><div class=\"shortcode-box-content table-cell-mid\">Ch\u0119tnie wesprzemy Pa\u0144stwa w zak\u0142adaniu grupy MI. Mo\u017cna si\u0119 z nami skontaktowa\u0107 za po\u015brednictwem adresu e-mail:\u00a0<a href=\"mailto:kaplice@militia-immaculatae.info\">kaplice(at)militia-immaculatae.info<\/a><\/div><\/div>\n","protected":false},"excerpt":{"rendered":"<p>Wytyczne dla zak\u0142adaj\u0105cych grupy MI To jasne, \u017ce wsp\u00f3lna praca jest skuteczniejsza, a ponadto sprawia te\u017c wi\u0119cej rado\u015bci. R\u00f3wnie\u017c \u015bwi\u0119ty Maksymilian Kolbe przewidywa\u0142, \u017ce rycerze b\u0119d\u0105 si\u0119 regularnie spotyka\u0107, modl\u0105c si\u0119 i prowadz\u0105c dzia\u0142alno\u015b\u0107 apostolsk\u0105 (nazwa\u0142 to drugim stopniem MI). \u201eNa drugim stopniu MI rycerze zrzeszaj\u0105 si\u0119 poprzez specjalne statuty<a class=\"more-link\" href=\"https:\/\/test4.mi-backup.ch\/pl\/warunki-zakladania-grup-mi\/\">Czytaj dalej &rarr;<\/a><\/p>\n","protected":false},"author":9,"featured_media":0,"parent":0,"menu_order":0,"comment_status":"closed","ping_status":"closed","template":"","meta":[],"_links":{"self":[{"href":"https:\/\/test4.mi-backup.ch\/pl\/wp-json\/wp\/v2\/pages\/7675"}],"collection":[{"href":"https:\/\/test4.mi-backup.ch\/pl\/wp-json\/wp\/v2\/pages"}],"about":[{"href":"https:\/\/test4.mi-backup.ch\/pl\/wp-json\/wp\/v2\/types\/page"}],"author":[{"embeddable":true,"href":"https:\/\/test4.mi-backup.ch\/pl\/wp-json\/wp\/v2\/users\/9"}],"replies":[{"embeddable":true,"href":"https:\/\/test4.mi-backup.ch\/pl\/wp-json\/wp\/v2\/comments?post=7675"}],"version-history":[{"count":7,"href":"https:\/\/test4.mi-backup.ch\/pl\/wp-json\/wp\/v2\/pages\/7675\/revisions"}],"predecessor-version":[{"id":14273,"href":"https:\/\/test4.mi-backup.ch\/pl\/wp-json\/wp\/v2\/pages\/7675\/revisions\/14273"}],"wp:attachment":[{"href":"https:\/\/test4.mi-backup.ch\/pl\/wp-json\/wp\/v2\/media?parent=7675"}],"curies":[{"name":"wp","href":"https:\/\/api.w.org\/{rel}","templated":true}]}}