{"id":77178,"date":"2022-07-20T08:02:26","date_gmt":"2022-07-20T06:02:26","guid":{"rendered":"https:\/\/test4.mi-backup.ch\/vivre-sa-consecration-au-quotidien\/"},"modified":"2022-08-18T14:54:35","modified_gmt":"2022-08-18T12:54:35","slug":"zycie-konsekracja-na-co-dzien","status":"publish","type":"page","link":"https:\/\/test4.mi-backup.ch\/pl\/zycie-konsekracja-na-co-dzien\/","title":{"rendered":"\u017bycie konsekracj\u0105 na co dzie\u0144"},"content":{"rendered":"<div style=\"position: relative; width: 100%; height: 0; padding-top: 100.0000%;\n padding-bottom: 48px; box-shadow: 0 2px 8px 0 rgba(63,69,81,0.16); margin-top: 1.6em; margin-bottom: 0.9em; overflow: hidden;\n border-radius: 8px; will-change: transform;\"><br \/>\n  <iframe loading=\"lazy\" style=\"position: absolute; width: 100%; height: 100%; top: 0; left: 0; border: none; padding: 0;margin: 0;\"\n    src=\"https:&#x2F;&#x2F;www.canva.com&#x2F;design&#x2F;DAFJrBdujAw&#x2F;view?embed\" allowfullscreen=\"allowfullscreen\" allow=\"fullscreen\"><br \/>\n  <\/iframe>\n<\/div>\n<p><a href=\"https:&#x2F;&#x2F;www.canva.com&#x2F;design&#x2F;DAFJrBdujAw&#x2F;view?utm_content=DAFJrBdujAw&amp;utm_campaign=designshare&amp;utm_medium=embeds&amp;utm_source=link\" target=\"_blank\" rel=\"noopener\">\u017bycie konsekracj\u0105 na co dzie\u0144<\/a><\/p>\n","protected":false},"excerpt":{"rendered":"<p>\u017bycie konsekracj\u0105 na co dzie\u0144<a class=\"more-link\" href=\"https:\/\/test4.mi-backup.ch\/pl\/zycie-konsekracja-na-co-dzien\/\">Czytaj dalej &rarr;<\/a><\/p>\n","protected":false},"author":9,"featured_media":52510,"parent":0,"menu_order":0,"comment_status":"closed","ping_status":"closed","template":"","meta":[],"_links":{"self":[{"href":"https:\/\/test4.mi-backup.ch\/pl\/wp-json\/wp\/v2\/pages\/77178"}],"collection":[{"href":"https:\/\/test4.mi-backup.ch\/pl\/wp-json\/wp\/v2\/pages"}],"about":[{"href":"https:\/\/test4.mi-backup.ch\/pl\/wp-json\/wp\/v2\/types\/page"}],"author":[{"embeddable":true,"href":"https:\/\/test4.mi-backup.ch\/pl\/wp-json\/wp\/v2\/users\/9"}],"replies":[{"embeddable":true,"href":"https:\/\/test4.mi-backup.ch\/pl\/wp-json\/wp\/v2\/comments?post=77178"}],"version-history":[{"count":2,"href":"https:\/\/test4.mi-backup.ch\/pl\/wp-json\/wp\/v2\/pages\/77178\/revisions"}],"predecessor-version":[{"id":77182,"href":"https:\/\/test4.mi-backup.ch\/pl\/wp-json\/wp\/v2\/pages\/77178\/revisions\/77182"}],"wp:featuredmedia":[{"embeddable":true,"href":"https:\/\/test4.mi-backup.ch\/pl\/wp-json\/wp\/v2\/media\/52510"}],"wp:attachment":[{"href":"https:\/\/test4.mi-backup.ch\/pl\/wp-json\/wp\/v2\/media?parent=77178"}],"curies":[{"name":"wp","href":"https:\/\/api.w.org\/{rel}","templated":true}]}}