{"id":7770,"date":"2017-10-29T14:12:50","date_gmt":"2017-10-29T13:12:50","guid":{"rendered":"https:\/\/test4.mi-backup.ch\/?page_id=7770"},"modified":"2017-10-29T14:15:41","modified_gmt":"2017-10-29T13:15:41","slug":"list-o-krucjacie-modlitewnej","status":"publish","type":"page","link":"https:\/\/test4.mi-backup.ch\/pl\/list-o-krucjacie-modlitewnej\/","title":{"rendered":"List o krucjacie modlitewnej"},"content":{"rendered":"<h2>List nr 14 do Rycerzy Niepokalanej w Azji<\/h2>\n<p>Drodzy Rycerze Niepokalanej!<\/p>\n<p>\u015aw. Maksymilian Kolbe od pierwszego numeru ,,Rycerza Niepokalanej\u201d zach\u0119ca\u0142 rycerzy, aby modlili si\u0119 w intencjach innych cz\u0142onk\u00f3w MI. Zach\u0119ca\u0142 r\u00f3wnie\u017c rycerzy, by wysy\u0142ali intencje modlitewne do Centrali MI. Najwa\u017cniejsze intencje publikowa\u0142 nawet na \u0142amach ,,Rycerza\u201d.<\/p>\n<p>Efekt jego apostolatu by\u0142 nieoczekiwany. \u015aw. Maksymilian zacz\u0105\u0142 otrzymywa\u0107 coraz wi\u0119cej dzi\u0119kczynnych list\u00f3w informuj\u0105cych o tym, \u017ce modlitwy zosta\u0142y wys\u0142uchane. Po\u015bwi\u0119ci\u0142 zatem ca\u0142\u0105 stron\u0119 swojego biuletynu na dzia\u0142 ,,podzi\u0119kowania dla Niepokalanej\u201d. Mo\u017cna by\u0142o tam znale\u017a\u0107 od 100 do 200 \u015bwiadectw wydrukowanych ma\u0142\u0105 czcionk\u0105.<\/p>\n<p>Oto niekt\u00f3re z nich:<br \/>\n&#8211; ,,Dzi\u0119kuj\u0119 Wam, drodzy rycerze, m\u00f3j umieraj\u0105cy syn zosta\u0142 cudownie uzdrowiony dok\u0142adnie 9 dni po tym, jak poprosi\u0142am Was o modlitw\u0119\u201d<br \/>\n&#8211; ,,Dzi\u0119kuj\u0119 Niepokalana, dzi\u0119ki modlitwom Twoich rycerzy odkry\u0142em swoje powo\u0142anie\u201d<\/p>\n<p>&#8211; ,,Wielkie podzi\u0119kowania dla rycerzy, katolicka szko\u0142a, kt\u00f3ra mia\u0142a zosta\u0107 zamkni\u0119ta, b\u0119dzie dzia\u0142a\u0107 dalej\u201d<br \/>\nPo sze\u015bciu miesi\u0105cach redaktor musia\u0142 przeznaczy\u0107 kolejn\u0105 stron\u0119 na podzi\u0119kowania. A gdy Rycerz przekroczy\u0142 nak\u0142ad 800,000 egzemplarzy, po\u015bwi\u0119cono cztery kolejne strony na t\u0119 rubryk\u0119, na kt\u00f3rej umieszczano miesi\u0119cznie 700-800 podzi\u0119kowa\u0144 za otrzymane \u0142aski. To oznacza, \u017ce co roku prawie 10 000 os\u00f3b pisa\u0142o do redakcji, aby podzi\u0119kowa\u0107 za pomoc otrzyman\u0105 z Nieba, dzi\u0119ki modlitwom rycerzy. Ale ilu\u017c wi\u0119cej otrzyma\u0142o \u0142aski i nie poinformowa\u0142o o tym?<\/p>\n<p>Jest to dla nas wa\u017cna lekcja. Niepokalana zawsze wys\u0142uchuje naszych modlitw, (je\u015bli s\u0105 dobrze odprawione i z dobr\u0105 intencj\u0105 \u2013 prosz\u0119 przeczyta\u0107 o tym w katechizmie), a je\u015bli b\u0119dziemy prosi\u0107 powa\u017cnie i wytrwale, wtedy Ona zaskoczy nas nawet cudownymi odpowiedziami. Sk\u0105d bior\u0105 si\u0119 te nieoczekiwane owoce naszych modlitw? Poniewa\u017c nasza Naj\u015bwi\u0119tsza Matka kocha hojne dusze. Im bardziej my b\u0119dziemy hojni wobec Jej pr\u00f3\u015bb, tym bardziej Ona b\u0119dzie hojna wobec nas. Jej hojno\u015b\u0107 jest z pewno\u015bci\u0105 tysi\u0105c, milion razy wi\u0119ksza ni\u017c nasza.<br \/>\nJest jednak jeszcze jeden g\u0142\u0119bszy pow\u00f3d. Dzi\u0119ki takim dzia\u0142aniom zaczynamy rozumie\u0107 istot\u0119 Rycerstwa Niepokalanej, kt\u00f3re jest zwyci\u0119sk\u0105 obecno\u015bci\u0105 Niepokalanej na \u015bwiecie poprzez Jej narz\u0119dzia. Militia Immaculatae oznacza po\u015brednictwo wszystkich \u0142ask ,,w praktyce\u201d. ONA pragnie sprowadzi\u0107 Jej zagubione dzieci na w\u0142a\u015bciw\u0105 drog\u0119 oraz wla\u0107 w ich dusze \u0142aski nawr\u00f3cenia i u\u015bwi\u0119cenia. Oto misja, kt\u00f3r\u0105 otrzyma\u0142a od swojego Boskiego Syna, gdy umiera\u0142 na krzy\u017cu. Jednak Ona mo\u017ce spe\u0142ni\u0107 t\u0119 misj\u0119 jedynie, gdy znajdzie odpowiednie narz\u0119dzia, kana\u0142y za pomoc\u0105 kt\u00f3rych, mo\u017ce przela\u0107 na dusze strumie\u0144 \u0142ask.<br \/>\nGdy przy\u0142\u0105czyli\u015bcie si\u0119 do MI, stali\u015bcie si\u0119 takim instrumentem &#8211; JEJ RYCERZEM! Jednak jeste\u015bcie jej narz\u0119dziem tylko wtedy, gdy dzia\u0142acie w konkretnym celu: ,,staranie si\u0119 o nawr\u00f3cenie grzesznik\u00f3w, schizmatyk\u00f3w, heretyk\u00f3w, a zw\u0142aszcza mason\u00f3w\u2026\u201d. Tak si\u0119 dzieje, gdy robicie co\u015b dla ich zbawienia: gdy rozdajecie Cudowne Medaliki, gdy dajecie dobry przyk\u0142ad, szczeg\u00f3lnie gdy ofiarujecie swoje cierpienia i ofiary w tej intencji, a najbardziej gdy si\u0119 modlicie.\u201d<\/p>\n<p>\u015aw. Maksymilian Kolbe podkre\u015bla\u0142 wiele razy: pierwszym i powszechnym \u015brodkiem dzia\u0142ania MI jest modlitwa, a konkretnie modlitwa apostolska. ,,Celem Rycerstwa Niepokalanej jest nawr\u00f3cenie dusz i triumf Niepokalanej na \u015bwiecie. Jednak wszystkie zewn\u0119trzne dzia\u0142ania i projekty nie mog\u0105 nawr\u00f3ci\u0107 nawet jednej duszy, poniewa\u017c nawr\u00f3cenie jest skutkiem dzia\u0142ania Bo\u017cej \u0142aski.\u201d<br \/>\nApostolat polega na odwracaniu woli ludzi od tego, co z\u0142e w stron\u0119 tego, co jest dobre. Tak wi\u0119c osoba, kt\u00f3ra by\u0142a daleko od Boga, albo nawet by\u0142a wrogiem Boga, mo\u017ce si\u0119 zbli\u017cy\u0107 do Stw\u00f3rcy i sta\u0107 si\u0119 Jego przyjacielem. B\u00f3g powierza to zadanie swoim rycerzom poprzez Niepokalan\u0105: aby szli ratowa\u0107 dusze i stali si\u0119 misjonarzami Kr\u00f3lestwa Chrystusowego. To od nich zale\u017cy, jak wiele dusz zostanie uratowanych od ognia piekielnego. Jest to najwi\u0119ksza ze wszystkich \u0142ask. W jaki spos\u00f3b rycerz mo\u017ce otrzyma\u0107 t\u0119 \u0142ask\u0119 z Nieba? G\u0142\u00f3wnie poprzez modlitw\u0119.<\/p>\n<p>,,Poprzez modlitw\u0119 i cierpienia mo\u017cemy otrzyma\u0107 wiele \u0142ask. Zewn\u0119trzna aktywno\u015b\u0107 jedynie przygotowuje drog\u0119 dla \u0142aski, ale sama z siebie nie mo\u017ce zapewni\u0107 tych \u0142ask. Jest jedna modlitwa, kt\u00f3ra z pewno\u015bci\u0105 zgadza si\u0119 z wol\u0105 Bo\u017c\u0105 \u2013 modlitwa o u\u015bwi\u0119cenie siebie i bli\u017anich. Gdy modlimy si\u0119 o to, aby Niepokalana nawr\u00f3ci\u0142a wiele dusz, to z pewno\u015bci\u0105 taka modlitwa jest zgodna w wol\u0105 Bo\u017c\u0105. W tej intencji mo\u017cemy ofiarowa\u0107 wszystkie nasze wysi\u0142ki, problemy i cierpienia Niepokalanej, tak aby Ona mog\u0142a podbi\u0107 \u015bwiat.<br \/>\nNapoleon zosta\u0142 kiedy\u015b zapytany o to, czego potrzebuje, by podbi\u0107 \u015bwiat. Odpowiedzia\u0142, \u017ce trzy rzeczy s\u0105 potrzebne: pieni\u0105dze, pieni\u0105dze, i jeszcze wi\u0119cej pieni\u0119dzy!\u201d<\/p>\n<p>W kwestii nawr\u00f3cenia i u\u015bwi\u0119cenia dusz potrzeba: modlitwy, modlitwy i jeszcze wi\u0119cej modlitwy! Gdy brakuje modlitwy, dusza zaczyna s\u0142abn\u0105\u0107. Cz\u0142owiek otrzyma tyle ze skarbca \u0142ask, o ile poprosi. Modlitwa jest najbardziej niezrozumia\u0142ym, a zarazem najsilniejszym \u015brodkiem dla przywracania duszom spokoju, uszcz\u0119\u015bliwiania ich i zbli\u017cania ich do Bo\u017cej mi\u0142o\u015bci. Modlitwa odnawia \u015bwiat! Modlitwa jest koniecznym warunkiem dla odnowy i \u017cycia ka\u017cdej duszy. Dzi\u0119ki modlitwie \u015bw. Teresa z Lisieux sta\u0142a si\u0119 patronk\u0105 wszystkich misji, chocia\u017c nie opuszcza\u0142a mur\u00f3w klasztoru.<\/p>\n<p>Tak samo i my chcemy si\u0119 modli\u0107: modli\u0107 si\u0119 dobrze, modli\u0107 si\u0119 du\u017co, naszymi ustami, naszym sercem. Do\u015bwiadczymy wtedy osobi\u015bcie tego, jak Niepokalana kr\u00f3luje coraz bardziej nad naszymi duszami, jak nale\u017cymy do Niej coraz bardziej i ca\u0142kowicie, jak wina znika, a grzechy s\u0105 wybaczone, jak spokojnie i silnie zbli\u017camy si\u0119 coraz bardziej do Boga. Zewn\u0119trzna aktywno\u015b\u0107 jest dobra, ale jest czym\u015b drugorz\u0119dnym w por\u00f3wnaniu z wewn\u0119trznym \u017cyciem: \u017cyciem rekolekcji, \u017cyciem modlitwy, \u017cyciem osobistej mi\u0142o\u015bci Boga. Im bardziej p\u0142oniemy Bosk\u0105 mi\u0142o\u015bci\u0105, tym bardziej b\u0119dziemy mogli zapali\u0107 ni\u0105 serca innych. Zdobycie dusz dla Boga jest bardzo trudnym zadaniem. Zwykle ludzkie \u015brodki nie sprawdzaj\u0105 si\u0119: bezowocne dyskusje, zrujnowane projekty, publikacje wydane na darmo itd. Jednak modlitwa nigdy nie rozczarowuje!<\/p>\n<p>,,Drobne westchnienia serca podczas pracy s\u0105 najlepsz\u0105 modlitw\u0105, poniewa\u017c wci\u0105\u017c na nowo jednocz\u0105 nas z Niepokalan\u0105, jednocz\u0105 narz\u0119dzie z r\u0119k\u0105 Naszej Matki, a wtedy otrzymujemy wiele \u0142ask. Gdy co\u015b w \u017cyciu idzie nie tak, gdy rycerz jest pokonany przez wroga, lub nie udaje si\u0119 odnie\u015b\u0107 zwyci\u0119stwa, powinni\u015bmy najpierw zapyta\u0107: Czy modlili\u015bmy si\u0119 wystarczaj\u0105co silnie? Czy ka\u017cdy z nas naprawd\u0119 modli\u0142 si\u0119 w tej sprawie? Musimy szczeg\u00f3lnie wystrzega\u0107 si\u0119 aktywizmu, kt\u00f3ry rezultat projektu dostrzega jedynie w zewn\u0119trznej aktywno\u015bci. Rycerz, kt\u00f3ry oddaje si\u0119 ca\u0142kowicie temu, co zewn\u0119trzne, znajduje si\u0119 w wielkim zagro\u017ceniu, \u017ce jego wysi\u0142ki oka\u017c\u0105 si\u0119 bezowocne, a on sam ugrz\u0119\u017anie w wielkiej iluzji.<\/p>\n<p>W 2012 roku odpowiedzia\u0142em na pro\u015bb\u0119 niekt\u00f3rych rycerzy Niepokalanej Tradycyjnej Obserwancji z Polski, aby rozpocz\u0105\u0107 taki apostolat modlitewny. Utworzy\u0142em specjaln\u0105 list\u0119 rycerzy, kt\u00f3rzy zgodzili si\u0119 odmawia\u0107 jedn\u0105 dziesi\u0105tk\u0119 r\u00f3\u017ca\u0144ca w intencjach wysy\u0142anych przez Sekretariat. Po miesi\u0105cu w apostolacie uczestniczy\u0142o 50 rycerzy, a po roku by\u0142o ich prawie tysi\u0105c.<\/p>\n<p>Po trzech miesi\u0105cach musia\u0142em doda\u0107 do naszego biuletynu podobn\u0105 list\u0119 podzi\u0119kowa\u0144, jak ta, o kt\u00f3rej pisa\u0142em wy\u017cej. Rezultat by\u0142 naprawd\u0119 zaskakuj\u0105cy. Nie spodziewa\u0142em si\u0119, \u017ce Niepokalana tylko czeka na taki apostolat, aby m\u00f3c rozla\u0107 strumie\u0144 \u0142ask na Jej ukochanych rycerzy.<\/p>\n<p>Dlatego postanowi\u0142em utworzy\u0107 podobny apostolat w Azji.<\/p>\n<p><em>ks. Karol Stehlin<\/em><br \/>\n<em>Manila, 5 kwietnia 2016<\/em><\/p>\n<p><strong>Komentarz od Centrali MI w Polsce:<\/strong><\/p>\n<p>W tym miejscu ks. Karol podaje szczeg\u00f3\u0142y dotycz\u0105ce apostolatu modlitewnego w Azji. Pami\u0119tajmy o naszym apostolacie modlitewnym w Polsce. M\u00f3dlmy si\u0119 w intencjach przysy\u0142anych przez Sekretariat MI i pami\u0119tajmy, aby wys\u0142a\u0107 wiadomo\u015b\u0107 z podzi\u0119kowaniem za otrzymane \u0142aski. Osoby, kt\u00f3re jeszcze nie s\u0105 w Rycerstwie Niepokalanej Tradycyjnej Obserwancji zach\u0119camy do wst\u0105pienia w szeregi rycerzy i przy\u0142\u0105czenia si\u0119 do apostolatu modlitewnego.<\/p>\n","protected":false},"excerpt":{"rendered":"<p>List nr 14 do Rycerzy Niepokalanej w Azji Drodzy Rycerze Niepokalanej! \u015aw. Maksymilian Kolbe od pierwszego numeru ,,Rycerza Niepokalanej\u201d zach\u0119ca\u0142 rycerzy, aby modlili si\u0119 w intencjach innych cz\u0142onk\u00f3w MI. Zach\u0119ca\u0142 r\u00f3wnie\u017c rycerzy, by wysy\u0142ali intencje modlitewne do Centrali MI. Najwa\u017cniejsze intencje publikowa\u0142 nawet na \u0142amach ,,Rycerza\u201d. Efekt jego apostolatu by\u0142<a class=\"more-link\" href=\"https:\/\/test4.mi-backup.ch\/pl\/list-o-krucjacie-modlitewnej\/\">Czytaj dalej &rarr;<\/a><\/p>\n","protected":false},"author":9,"featured_media":0,"parent":0,"menu_order":0,"comment_status":"closed","ping_status":"closed","template":"","meta":[],"_links":{"self":[{"href":"https:\/\/test4.mi-backup.ch\/pl\/wp-json\/wp\/v2\/pages\/7770"}],"collection":[{"href":"https:\/\/test4.mi-backup.ch\/pl\/wp-json\/wp\/v2\/pages"}],"about":[{"href":"https:\/\/test4.mi-backup.ch\/pl\/wp-json\/wp\/v2\/types\/page"}],"author":[{"embeddable":true,"href":"https:\/\/test4.mi-backup.ch\/pl\/wp-json\/wp\/v2\/users\/9"}],"replies":[{"embeddable":true,"href":"https:\/\/test4.mi-backup.ch\/pl\/wp-json\/wp\/v2\/comments?post=7770"}],"version-history":[{"count":4,"href":"https:\/\/test4.mi-backup.ch\/pl\/wp-json\/wp\/v2\/pages\/7770\/revisions"}],"predecessor-version":[{"id":7775,"href":"https:\/\/test4.mi-backup.ch\/pl\/wp-json\/wp\/v2\/pages\/7770\/revisions\/7775"}],"wp:attachment":[{"href":"https:\/\/test4.mi-backup.ch\/pl\/wp-json\/wp\/v2\/media?parent=7770"}],"curies":[{"name":"wp","href":"https:\/\/api.w.org\/{rel}","templated":true}]}}