{"id":8372,"date":"2017-12-07T18:10:24","date_gmt":"2017-12-07T17:10:24","guid":{"rendered":"https:\/\/test4.mi-backup.ch\/?page_id=8372"},"modified":"2017-12-07T18:10:24","modified_gmt":"2017-12-07T17:10:24","slug":"zalecenie-pokory","status":"publish","type":"page","link":"https:\/\/test4.mi-backup.ch\/pl\/zalecenie-pokory\/","title":{"rendered":"Zalecenie pokory"},"content":{"rendered":"<p>Niejeden zauwa\u017ca w\u00a0sobie, \u017ce mimo d\u0142u\u017cszego pobytu w\u00a0klasztorze \u2014 nie pozby\u0142 si\u0119 upadk\u00f3w. Zaczyna w\u0105tpi\u0107, czy on ma powo\u0142anie. Dochodzi do przekonania, \u017ce dla niego nie ma miejsca w\u00a0klasztorze.<br \/>\nNie mo\u017cemy jednak tak powiedzie\u0107, \u017ce to jest prawd\u0105. To, \u017ce teraz widzimy wi\u0119cej upadk\u00f3w \u2014 nie jest oznak\u0105 braku powo\u0142ania. Du\u017co zale\u017cy od okoliczno\u015bci. Chocia\u017cby nawet i\u00a0tak by\u0142o \u2014 to to, \u017ce widzimy i\u00a0uznajemy swoje s\u0142abo\u015bci, jest \u0142ask\u0105 Bo\u017c\u0105. Gorzej by\u0142oby, gdyby\u015bmy si\u0119 czuli sprawiedliwymi.<br \/>\nPierwszym stopniem do poprawy jest uznanie swoich wad.<br \/>\nNie ma powodu do smutku. Dusza jednak, je\u017celi ma \u017cal do tych, kt\u00f3rzy j\u0105 poci\u0105gaj\u0105 wy\u017cej \u2014 jest \u015blepa. Szatan te\u017c chce si\u0119 miesza\u0107 i\u00a0wskazuje: widzisz, tyle lat i\u00a0owoc\u00f3w nie ma i\u00a0niegodzien jeste\u015b przebywa\u0107 z\u00a0tymi, co zd\u0105\u017caj\u0105 do \u015bwi\u0119to\u015bci.<br \/>\nSk\u0105d to pochodzi? Co od szatana pochodzi, ma zawsze charakter braku pokory. Dusza dziwi si\u0119 swoim upadkom. To jest jednak oznak\u0105, \u017ce nie zna siebie. \u015awi\u0119ci nie dziwili si\u0119 upadkom swoim. Je\u015bli si\u0119 dziwili to dlatego, \u017ce g\u0142\u0119biej nie upadli.<br \/>\nPokora jest poznaniem siebie wedle prawdy. \u015awi\u0119ci uwa\u017cali si\u0119 za grzesznik\u00f3w i\u00a0st\u0105d przykro\u015bci od drugich znosili jako sobie nale\u017cne. Ufali te\u017c mi\u0142osierdziu Bo\u017cemu, a\u00a0nie sobie.<br \/>\nNie ma wi\u0119c powodu do zniech\u0119cenia. Inaczej by\u0142oby to oznak\u0105, \u017ce budujemy na sobie i\u00a0zawiedziemy si\u0119.<br \/>\nW sprawie \u017cycia nadprzyrodzonego bez pomocy Bo\u017cej nic zrobi\u0107 nie potrafimy. Wysi\u0142ki pracy nad sob\u0105 s\u0105 owocem \u0142aski. Nie ma wi\u0119c: przyczyny do zniech\u0119cenia z\u00a0powodu upadk\u00f3w. Je\u017celi zdarza si\u0119 nam du\u017co wi\u0119kszych upadk\u00f3w \u2014 to dow\u00f3d, \u017ce mamy jeszcze du\u017co mi\u0142o\u015bci w\u0142asnej.<br \/>\nUpadki wykorzystajmy w\u00a0tym celu, w\u00a0jakim Pan B\u00f3g je dopuszcza: \u017ceby\u015bmy si\u0119 upokorzyli, \u017ceby\u015bmy si\u0119 nie denerwowali, ale poznali swoj\u0105 n\u0119dz\u0119. Gdyby\u015bmy byli pokorni, Pan B\u00f3g nie dopu\u015bci\u0142by \u017cadnego upadku. Matka Naj\u015bwi\u0119tsza przez ca\u0142e \u017cycie by\u0142a pokorna. Zna\u0142a jednak swoj\u0105 godno\u015b\u0107 i\u00a0uznawa\u0142a wielkie rzeczy Bo\u017ce. Nie na tym polega pokora, \u017ceby\u015bmy nie uznawali \u0142ask, lecz \u017ceby\u015bmy ich sobie nie przypisywali. Je\u015bli dusza uwa\u017ca si\u0119 za co\u015b lepszego od innych \u2014 wtedy upada.<br \/>\nNie nale\u017cy dawa\u0107 pos\u0142uchu diab\u0142u.<br \/>\nCo czyni\u0107, \u017ceby pozna\u0107, z\u00a0czego si\u0119 mamy poprawi\u0107?<br \/>\nCzytanie mamy po to, \u017ceby\u015bmy wiedzieli, jak inni czynili.<br \/>\nDusza niegorliwa nie lubi modlitwy ani ksi\u0105\u017cek duchowych, woli raczej \u015bwieckie lub naukowe.<br \/>\nW \u017cyciu wsp\u00f3lnym mamy mo\u017cno\u015b\u0107 poprawiania si\u0119. Widz\u0105c cnoty u innych, mamy mo\u017cno\u015b\u0107 zach\u0119ca\u0107 si\u0119, z\u00a0upadk\u00f3w nabiera\u0107 mo\u017cemy do\u015bwiadczenia dla siebie.<br \/>\nMatce Naj\u015bwi\u0119tszej polecajmy si\u0119, \u017ceby\u015bmy w\u00a0pokorze si\u0119 utrzymali.<br \/>\nUpadek jest zawsze z\u00a0powodu braku pokory. Pro\u015bmy J\u0105, by nam da\u0142a \u0142ask\u0119 pokory, \u017ceby\u015bmy nie potrzebowali takiego lekarstwa, jakim s\u0105 upadki, kt\u00f3re przecie\u017c sprawiaj\u0105 przykro\u015b\u0107 Panu Jezusowi.<\/p>\n<p align=\"right\">o. Maksymilian Maria Kolbe<br \/>\nNiepokalan\u00f3w, niedziela 16 II 1941,<br \/>\nw przeddzie\u0144 aresztowania,<br \/>\nnotowa\u0142 br. Witalian Milosz<\/p>\n","protected":false},"excerpt":{"rendered":"<p>Niejeden zauwa\u017ca w\u00a0sobie, \u017ce mimo d\u0142u\u017cszego pobytu w\u00a0klasztorze \u2014 nie pozby\u0142 si\u0119 upadk\u00f3w. Zaczyna w\u0105tpi\u0107, czy on ma powo\u0142anie. Dochodzi do przekonania, \u017ce dla niego nie ma miejsca w\u00a0klasztorze. Nie mo\u017cemy jednak tak powiedzie\u0107, \u017ce to jest prawd\u0105. To, \u017ce teraz widzimy wi\u0119cej upadk\u00f3w \u2014 nie jest oznak\u0105 braku powo\u0142ania.<a class=\"more-link\" href=\"https:\/\/test4.mi-backup.ch\/pl\/zalecenie-pokory\/\">Czytaj dalej &rarr;<\/a><\/p>\n","protected":false},"author":9,"featured_media":0,"parent":0,"menu_order":0,"comment_status":"closed","ping_status":"closed","template":"","meta":[],"_links":{"self":[{"href":"https:\/\/test4.mi-backup.ch\/pl\/wp-json\/wp\/v2\/pages\/8372"}],"collection":[{"href":"https:\/\/test4.mi-backup.ch\/pl\/wp-json\/wp\/v2\/pages"}],"about":[{"href":"https:\/\/test4.mi-backup.ch\/pl\/wp-json\/wp\/v2\/types\/page"}],"author":[{"embeddable":true,"href":"https:\/\/test4.mi-backup.ch\/pl\/wp-json\/wp\/v2\/users\/9"}],"replies":[{"embeddable":true,"href":"https:\/\/test4.mi-backup.ch\/pl\/wp-json\/wp\/v2\/comments?post=8372"}],"version-history":[{"count":2,"href":"https:\/\/test4.mi-backup.ch\/pl\/wp-json\/wp\/v2\/pages\/8372\/revisions"}],"predecessor-version":[{"id":8374,"href":"https:\/\/test4.mi-backup.ch\/pl\/wp-json\/wp\/v2\/pages\/8372\/revisions\/8374"}],"wp:attachment":[{"href":"https:\/\/test4.mi-backup.ch\/pl\/wp-json\/wp\/v2\/media?parent=8372"}],"curies":[{"name":"wp","href":"https:\/\/api.w.org\/{rel}","templated":true}]}}