{"id":8926,"date":"2018-01-22T20:04:26","date_gmt":"2018-01-22T19:04:26","guid":{"rendered":"https:\/\/test4.mi-backup.ch\/?page_id=8926"},"modified":"2018-04-06T23:47:35","modified_gmt":"2018-04-06T21:47:35","slug":"rocznik-2017","status":"publish","type":"page","link":"https:\/\/test4.mi-backup.ch\/pl\/czasopisma-mi\/triumf-niepokalanej\/rocznik-2017\/","title":{"rendered":"Rocznik 2017"},"content":{"rendered":"<figure id=\"attachment_8900\" class=\"wp-caption alignright\"><a href=\"https:\/\/test4.mi-backup.ch\/wp-content\/uploads\/2018\/01\/TN-2017-03-1.pdf\" class=\"broken_link\"><img loading=\"lazy\" class=\"wp-image-8900 size-medium\" src=\"https:\/\/test4.mi-backup.ch\/wp-content\/uploads\/2018\/01\/TN-03-2017-s1-OKLADKA-300x233.jpg\" alt=\"\" width=\"300\" height=\"233\" srcset=\"https:\/\/test4.mi-backup.ch\/wp-content\/uploads\/2018\/01\/TN-03-2017-s1-OKLADKA-300x233.jpg 300w, https:\/\/test4.mi-backup.ch\/wp-content\/uploads\/2018\/01\/TN-03-2017-s1-OKLADKA-600x467.jpg 600w, https:\/\/test4.mi-backup.ch\/wp-content\/uploads\/2018\/01\/TN-03-2017-s1-OKLADKA-768x597.jpg 768w, https:\/\/test4.mi-backup.ch\/wp-content\/uploads\/2018\/01\/TN-03-2017-s1-OKLADKA-1024x797.jpg 1024w, https:\/\/test4.mi-backup.ch\/wp-content\/uploads\/2018\/01\/TN-03-2017-s1-OKLADKA-425x331.jpg 425w\" sizes=\"(max-width: 300px) 100vw, 300px\" \/><\/a><figcaption class=\"wp-caption-text\"><a href=\"https:\/\/test4.mi-backup.ch\/wp-content\/uploads\/2018\/01\/TN-2017-03-1.pdf\" class=\"broken_link\">Pobierz numer 2017\/3 (55) (PDF; 2,3 MB)<\/a><\/figcaption><\/figure>\n<h4>Rok 2017, numer 3 (55)<\/h4>\n<p>Zawarto\u015b\u0107:<\/p>\n<p><strong>List do Rycerzy Niepokalanej<\/strong><\/p>\n<p><strong>Kazanie<\/strong><\/p>\n<ul>\n<li>Na uroczysto\u015b\u0107 Niepokalanego Pocz\u0119cia Naj\u015bwi\u0119tszej Maryi Panny<\/li>\n<\/ul>\n<p><strong>Czytaj\u0105c \u015bw. Maksymiliana<\/strong><\/p>\n<ul>\n<li>Niepokalane Pocz\u0119cie<\/li>\n<li>Tragedia przepowiedziana w Fatimie<\/li>\n<li>Aby uratowa\u0107 Ko\u015bci\u00f3\u0142, trzeba po\u015bwi\u0119ci\u0107 Rosj\u0119<\/li>\n<li>Niepokalanemu Sercu Maryi<\/li>\n<\/ul>\n<p><strong>Od mi\u0119dzynarodowego moderatora MI<\/strong><\/p>\n<ul>\n<li>Dlaczego Rosja?<\/li>\n<li>M.I. 2 \u2014 Misja dla Rosji<\/li>\n<li>Statut<\/li>\n<\/ul>\n<p><strong>Apologetyka \u015bw. Maksymiliana<\/strong><\/p>\n<ul>\n<li>Musi by\u0107 pierwsza przyczyna<\/li>\n<li>\u017bycie jak r\u00f3\u017caniec<\/li>\n<li>Cudowny Medalik<\/li>\n<li>Rycerstwo Niepokalanej Tradycyjnej Obserwancji<\/li>\n<li>\u015awi\u0119to Objawienia Pa\u0144skiego<\/li>\n<\/ul>\n<hr \/>\n<figure id=\"attachment_8900\" class=\"wp-caption alignright\"><a href=\"https:\/\/test4.mi-backup.ch\/wp-content\/uploads\/2018\/01\/TN-2017-02.pdf\" class=\"broken_link\"><img loading=\"lazy\" class=\"wp-image-8900 size-medium\" src=\"https:\/\/test4.mi-backup.ch\/wp-content\/uploads\/2018\/01\/TN-2017-02-300x236.jpg\" alt=\"\" width=\"300\" height=\"233\" \/><\/a><figcaption class=\"wp-caption-text\"><a href=\"https:\/\/test4.mi-backup.ch\/wp-content\/uploads\/2018\/01\/TN-2017-02.pdf\" class=\"broken_link\">Pobierz numer 2017\/2 (54) (PDF; 7,4 MB)<\/a><\/figcaption><\/figure>\n<h4>Rok 2017, numer 2 (54)<\/h4>\n<p>Zawarto\u015b\u0107:<\/p>\n<p><strong>List do Rycerzy Niepokalanej<\/strong><\/p>\n<p><strong>Od mi\u0119dzynarodowego moderatora MI<\/strong><\/p>\n<ul>\n<li>List Ojca Dyrektora do Rycerzy Niepokalanej nr 7<\/li>\n<li>Modlitwa przed pielgrzymk\u0105 Jubileuszu 2017<\/li>\n<li>Objawienia Matki Bo\u017cej w Fatimie<\/li>\n<li>Nabo\u017ce\u0144stwo pierwszych sob\u00f3t miesi\u0105ca<\/li>\n<li>Sobota dniem Maryi<\/li>\n<\/ul>\n<p><strong>Apologetyka \u015bw. Maksymiliana<\/strong><\/p>\n<ul>\n<li>Dow\u00f3d z ruchu<\/li>\n<li>Bro\u0144 naszego Rycerstwa<\/li>\n<li>Niebo si\u0119 zbli\u017ca!<\/li>\n<\/ul>\n<p><strong>Czytaj\u0105c \u015bw. Maksymiliana<\/strong><\/p>\n<ul>\n<li>Przedsmak Nieba<\/li>\n<li>Ju\u017c drugi zlot<\/li>\n<\/ul>\n<hr \/>\n<figure id=\"attachment_8900\" class=\"wp-caption alignright\"><a href=\"https:\/\/test4.mi-backup.ch\/wp-content\/uploads\/2018\/01\/TN-2017-01.pdf\" class=\"broken_link\"><img loading=\"lazy\" class=\"wp-image-8900 size-medium\" src=\"https:\/\/test4.mi-backup.ch\/wp-content\/uploads\/2018\/01\/TN-2017-01-300x236.jpg\" alt=\"\" width=\"300\" height=\"233\" \/><\/a><figcaption class=\"wp-caption-text\"><a href=\"https:\/\/test4.mi-backup.ch\/wp-content\/uploads\/2018\/01\/TN-2017-01.pdf\" class=\"broken_link\">Pobierz numer 2017\/1 (53) (PDF; 4,8 MB)<\/a><\/figcaption><\/figure>\n<h4>Rok 2017, numer 1 (53)<\/h4>\n<p>Zawarto\u015b\u0107:<\/p>\n<p><strong>List do Rycerzy Niepokalanej<\/strong><\/p>\n<p><strong>Od mi\u0119dzynarodowego moderatora MI<\/strong><\/p>\n<ul>\n<li>Postanowienia MI na rok 2017<\/li>\n<li>Modlitwy Anio\u0142a Fatimskiego<\/li>\n<li>Skromno\u015b\u0107 i pokora or\u0119\u017cem w walce rycerzy Niepokalanej<\/li>\n<li>Sprawiedliwo\u015b\u0107 w mi\u0142o\u015bci<\/li>\n<\/ul>\n<p><strong>Apologetyka \u015bw. Maksymiliana<\/strong><\/p>\n<ul>\n<li>B\u00f3g mi\u0142osierny i sprawiedliwy<\/li>\n<li>Szaleniec Niepokalanej<\/li>\n<\/ul>\n<p><strong>Tradycja Katolicka i kryzys w Ko\u015bciele<\/strong><\/p>\n<ul>\n<li>R\u00f3\u017caniec<\/li>\n<li>Z Niepokalan\u0105 nad morzem<\/li>\n<li>Pierwszy w historii zlot MI dla m\u0142odzie\u017cy \u017ce\u0144skiej<\/li>\n<li>Rycerstwo Niepokalanej Tradycyjnej Obserwancji \u2013 ko\u0142o II stopnia dla dzieci i m\u0142odzie\u017cy<\/li>\n<li>Kalendarium MI Tradycyjnej Obserwancji w Polsce \u2013 rok 2016<\/li>\n<\/ul>\n","protected":false},"excerpt":{"rendered":"<p>Pobierz numer 2017\/3 (55) (PDF; 2,3 MB) Rok 2017, numer 3 (55) Zawarto\u015b\u0107: List do Rycerzy Niepokalanej Kazanie Na uroczysto\u015b\u0107 Niepokalanego Pocz\u0119cia Naj\u015bwi\u0119tszej Maryi Panny Czytaj\u0105c \u015bw. Maksymiliana Niepokalane Pocz\u0119cie Tragedia przepowiedziana w Fatimie Aby uratowa\u0107 Ko\u015bci\u00f3\u0142, trzeba po\u015bwi\u0119ci\u0107 Rosj\u0119 Niepokalanemu Sercu Maryi Od mi\u0119dzynarodowego moderatora MI Dlaczego Rosja? M.I.<a class=\"more-link\" href=\"https:\/\/test4.mi-backup.ch\/pl\/czasopisma-mi\/triumf-niepokalanej\/rocznik-2017\/\">Czytaj dalej &rarr;<\/a><\/p>\n","protected":false},"author":9,"featured_media":0,"parent":7579,"menu_order":0,"comment_status":"closed","ping_status":"closed","template":"","meta":[],"_links":{"self":[{"href":"https:\/\/test4.mi-backup.ch\/pl\/wp-json\/wp\/v2\/pages\/8926"}],"collection":[{"href":"https:\/\/test4.mi-backup.ch\/pl\/wp-json\/wp\/v2\/pages"}],"about":[{"href":"https:\/\/test4.mi-backup.ch\/pl\/wp-json\/wp\/v2\/types\/page"}],"author":[{"embeddable":true,"href":"https:\/\/test4.mi-backup.ch\/pl\/wp-json\/wp\/v2\/users\/9"}],"replies":[{"embeddable":true,"href":"https:\/\/test4.mi-backup.ch\/pl\/wp-json\/wp\/v2\/comments?post=8926"}],"version-history":[{"count":10,"href":"https:\/\/test4.mi-backup.ch\/pl\/wp-json\/wp\/v2\/pages\/8926\/revisions"}],"predecessor-version":[{"id":10160,"href":"https:\/\/test4.mi-backup.ch\/pl\/wp-json\/wp\/v2\/pages\/8926\/revisions\/10160"}],"up":[{"embeddable":true,"href":"https:\/\/test4.mi-backup.ch\/pl\/wp-json\/wp\/v2\/pages\/7579"}],"wp:attachment":[{"href":"https:\/\/test4.mi-backup.ch\/pl\/wp-json\/wp\/v2\/media?parent=8926"}],"curies":[{"name":"wp","href":"https:\/\/api.w.org\/{rel}","templated":true}]}}