{"id":9766,"date":"2018-03-14T20:37:22","date_gmt":"2018-03-14T19:37:22","guid":{"rendered":"https:\/\/test4.mi-backup.ch\/?page_id=9766"},"modified":"2018-03-14T20:37:22","modified_gmt":"2018-03-14T19:37:22","slug":"kolo-mi-2-w-chorzowie","status":"publish","type":"page","link":"https:\/\/test4.mi-backup.ch\/pl\/kolo-mi-2-w-chorzowie\/","title":{"rendered":"Ko\u0142o MI 2 w Chorzowie"},"content":{"rendered":"<p>Przy kaplicy w\u00a0Chorzowie powsta\u0142o m\u0142odzie\u017cowe Ko\u0142o MI\u00a02.<\/p>\n<p>M\u0142odzi ludzie zwi\u0105zani z\u00a0kaplic\u0105 w\u00a0Chorzowie kilka miesi\u0119cy temu zacz\u0119li regularnie si\u0119 spotyka\u0107. Pocz\u0105tkowo celem tych spotka\u0144 by\u0142a jedynie integracja m\u0142odzie\u017cy zwi\u0105zanej z\u00a0Bractwem \u015bw.\u00a0Piusa\u00a0X na \u015al\u0105sku. Wi\u0119kszo\u015b\u0107 z\u00a0nas w\u00a0swoim najbli\u017cszym otoczeniu nie ma zbyt wielu os\u00f3b zainteresowanych katolick\u0105 Tradycj\u0105, dlatego pomy\u015bleli\u015bmy, \u017ce m\u0142odzie\u017c zwi\u0105zana z\u00a0kaplic\u0105 powinna ,,trzyma\u0107 si\u0119 razem\u201d. Szybko stwierdzili\u015bmy, \u017ce opr\u00f3cz zwyk\u0142ych rozm\u00f3w i\u00a0mi\u0142ego sp\u0119dzania czasu, chcemy tak\u017ce pom\u00f3c w\u00a0szerzeniu informacji na temat Mszy Trydenckiej i\u00a0katolickiej Tradycji, pragniemy r\u00f3wnie\u017c pog\u0142\u0119bia\u0107 nasz\u0105 wiedz\u0119 z\u00a0zakresu apologetyki i\u00a0tradycyjnej duchowo\u015bci.<\/p>\n<p>P\u00f3ki co nasze dzia\u0142ania zwi\u0105zane s\u0105 z\u00a0rozpowszechnianiem Cudownego Medalika i\u00a0wizyt\u00f3wek chorzowskiej kaplicy oraz z\u00a0promocj\u0105 wyk\u0142ad\u00f3w ksi\u0119dza Jenkinsa. Motywujemy si\u0119 te\u017c nawzajem do modlitwy w\u00a0intencji rozwoju katolickiej Tradycji na \u015al\u0105sku. Spotykamy si\u0119 raz w\u00a0miesi\u0105cu po niedzielnej Mszy \u015bwi\u0119tej na wsp\u00f3lny obiad i\u00a0rozmow\u0119. W\u00a0pierwszym spotkaniu kilka miesi\u0119cy temu bra\u0142y udzia\u0142 cztery osoby, a\u00a0w\u00a0zesz\u0142ym miesi\u0105cu by\u0142o ich ju\u017c dziesi\u0119\u0107! Pojawi\u0142 si\u0119 te\u017c pomys\u0142, by na ka\u017cde ze spotka\u0144 jedna osoba przygotowa\u0142a kr\u00f3tki referat dotycz\u0105cy zagadnienia zwi\u0105zanego z\u00a0katolick\u0105 Tradycj\u0105. Ostatnio wys\u0142uchali\u015bmy bardzo ciekawej prezentacji dotycz\u0105cej Mszy Trydenckiej, kt\u00f3r\u0105 przygotowa\u0142a jedna z\u00a0uczestniczek spotka\u0144. Kilka os\u00f3b zacz\u0119\u0142o si\u0119 dodatkowo spotyka\u0107 w\u00a0innym terminie w\u00a0celu wsp\u00f3lnego \u0107wiczenia liturgicznych pie\u015bni. W\u00a0najbli\u017cszym czasie planujemy r\u00f3wnie\u017c organizacj\u0119 warsztat\u00f3w chora\u0142u gregoria\u0144skiego.<\/p>\n<p>Po rozmowie z\u00a0osob\u0105 prowadz\u0105c\u0105 stron\u0119 Rycerstwa Niepokalanej Tradycyjnej Obserwancji w\u00a0Polsce pad\u0142 pomys\u0142, by nasza grupa zacz\u0119\u0142a dzia\u0142a\u0107 jako m\u0142odzie\u017cowe ko\u0142o MI\u00a02. W\u00a0ko\u0144cu patronem naszej kaplicy jest \u015bw.\u00a0Maksymilian Kolbe. Czym jest MI\u00a02? Ojciec Kolbe okre\u015bla\u0142 to jako form\u0119 wsp\u00f3lnego oddania si\u0119 Maryi po\u0142\u0105czonego z\u00a0dzia\u0142aniem zbiorowym. Nigdy jednak nie powsta\u0142y statuty dla tak poj\u0119tego stowarzyszenia Rycerstwa Niepokalanej. \u015awi\u0119ty Maksymilian uwa\u017ca\u0142, \u017ce powinny si\u0119 one tworzy\u0107 swobodnie zale\u017cnie od okoliczno\u015bci jednostek zrzeszonych i\u00a0ich stanu. ,,Niemniej jednak uwa\u017ca\u0142, \u017ce nale\u017cy MI\u00a02 organizowa\u0107 w\u00a0zale\u017cno\u015bci od miejsca, kt\u00f3re obejmuje, os\u00f3b, kt\u00f3re do niego nale\u017c\u0105, wreszcie \u015brodk\u00f3w, kt\u00f3rych w\u00a0swej dzia\u0142alno\u015bci u\u017cywa. Pod wzgl\u0119dem os\u00f3b s\u0105dzi\u0142 o. Kolbe, \u017ce nale\u017ca\u0142oby tworzy\u0107 specjalne ko\u0142a dzieci, m\u0142odzie\u017cy, niewiast, m\u0119\u017cczyzn, ze szczeg\u00f3\u0142owymi statutami, dostosowanymi do konkretnych potrzeb danego \u015brodowiska\u201d. [1]<\/p>\n<p>Opiek\u0119 nad m\u0142odzie\u017cowym ko\u0142em MI2 w\u00a0Chorzowie sprawuje x. \u0141ukasz Szyd\u0142owski, kt\u00f3ry jest znany z\u00a0organizowania spotka\u0144 i\u00a0wyjazd\u00f3w dla m\u0142odzie\u017cy. Prosimy o\u00a0modlitw\u0119 w\u00a0intencji rozwoju tej naszej ma\u0142ej inicjatywy.<\/p>\n<p><a href=\"http:\/\/chorzow.fsspx.pl\/\" target=\"_blank\" rel=\"noopener\">http:\/\/chorzow.fsspx.pl\/<\/a><\/p>\n<p>[1] A. Wojtczak,\u00a0<em>Ojciec Maksymilian Maria Kolbe<\/em>, Niepokalan\u00f3w 2008, s. 429.<\/p>\n","protected":false},"excerpt":{"rendered":"<p>Przy kaplicy w\u00a0Chorzowie powsta\u0142o m\u0142odzie\u017cowe Ko\u0142o MI\u00a02. M\u0142odzi ludzie zwi\u0105zani z\u00a0kaplic\u0105 w\u00a0Chorzowie kilka miesi\u0119cy temu zacz\u0119li regularnie si\u0119 spotyka\u0107. Pocz\u0105tkowo celem tych spotka\u0144 by\u0142a jedynie integracja m\u0142odzie\u017cy zwi\u0105zanej z\u00a0Bractwem \u015bw.\u00a0Piusa\u00a0X na \u015al\u0105sku. Wi\u0119kszo\u015b\u0107 z\u00a0nas w\u00a0swoim najbli\u017cszym otoczeniu nie ma zbyt wielu os\u00f3b zainteresowanych katolick\u0105 Tradycj\u0105, dlatego pomy\u015bleli\u015bmy, \u017ce m\u0142odzie\u017c zwi\u0105zana<a class=\"more-link\" href=\"https:\/\/test4.mi-backup.ch\/pl\/kolo-mi-2-w-chorzowie\/\">Czytaj dalej &rarr;<\/a><\/p>\n","protected":false},"author":9,"featured_media":0,"parent":0,"menu_order":0,"comment_status":"closed","ping_status":"closed","template":"","meta":[],"_links":{"self":[{"href":"https:\/\/test4.mi-backup.ch\/pl\/wp-json\/wp\/v2\/pages\/9766"}],"collection":[{"href":"https:\/\/test4.mi-backup.ch\/pl\/wp-json\/wp\/v2\/pages"}],"about":[{"href":"https:\/\/test4.mi-backup.ch\/pl\/wp-json\/wp\/v2\/types\/page"}],"author":[{"embeddable":true,"href":"https:\/\/test4.mi-backup.ch\/pl\/wp-json\/wp\/v2\/users\/9"}],"replies":[{"embeddable":true,"href":"https:\/\/test4.mi-backup.ch\/pl\/wp-json\/wp\/v2\/comments?post=9766"}],"version-history":[{"count":1,"href":"https:\/\/test4.mi-backup.ch\/pl\/wp-json\/wp\/v2\/pages\/9766\/revisions"}],"predecessor-version":[{"id":9767,"href":"https:\/\/test4.mi-backup.ch\/pl\/wp-json\/wp\/v2\/pages\/9766\/revisions\/9767"}],"wp:attachment":[{"href":"https:\/\/test4.mi-backup.ch\/pl\/wp-json\/wp\/v2\/media?parent=9766"}],"curies":[{"name":"wp","href":"https:\/\/api.w.org\/{rel}","templated":true}]}}