{"id":9978,"date":"2018-03-24T11:43:01","date_gmt":"2018-03-24T10:43:01","guid":{"rendered":"https:\/\/test4.mi-backup.ch\/?page_id=9978"},"modified":"2018-03-24T11:47:41","modified_gmt":"2018-03-24T10:47:41","slug":"kolo-mi-2-misja-dla-rosji","status":"publish","type":"page","link":"https:\/\/test4.mi-backup.ch\/pl\/kolo-mi-2-misja-dla-rosji\/","title":{"rendered":"Ko\u0142o MI 2 \u2013 Misja dla Rosji"},"content":{"rendered":"<p>Zapraszamy na oficjaln\u0105 stron\u0119 <a href=\"https:\/\/consecrationrussia.org\/o-stronie\/\" target=\"_blank\" rel=\"noopener\">M.I. 2 \u2014 Misja dla Rosji<\/a>. Na stronie b\u0119d\u0105 publikowane wiadomo\u015bci dotycz\u0105ce dzia\u0142alno\u015bci Ko\u0142a M.I. 2 \u2014 Misja dla Rosji \u2014 tak\u017ce w j\u0119zyku polskim.<\/p>\n<p>Celem ko\u0142a jest szeroko poj\u0119ta pomoc (nadprzyrodzona i przyrodzona) w podejmowaniu dzia\u0142a\u0144 na rzecz wype\u0142nienia pro\u015bby Matki Bo\u017cej Fatimskiej o po\u015bwi\u0119ceniu Rosji Jej Niepokalanemu Sercu.<\/p>\n<p><a href=\"https:\/\/test4.mi-backup.ch\/wp-content\/uploads\/2018\/03\/kolo_mi_2.png\"><img loading=\"lazy\" class=\"aligncenter wp-image-9980 size-large\" src=\"https:\/\/test4.mi-backup.ch\/wp-content\/uploads\/2018\/03\/kolo_mi_2-1024x853.png\" alt=\"\" width=\"1024\" height=\"853\" srcset=\"https:\/\/test4.mi-backup.ch\/wp-content\/uploads\/2018\/03\/kolo_mi_2-1024x853.png 1024w, https:\/\/test4.mi-backup.ch\/wp-content\/uploads\/2018\/03\/kolo_mi_2-300x250.png 300w, https:\/\/test4.mi-backup.ch\/wp-content\/uploads\/2018\/03\/kolo_mi_2-768x640.png 768w, https:\/\/test4.mi-backup.ch\/wp-content\/uploads\/2018\/03\/kolo_mi_2-425x354.png 425w, https:\/\/test4.mi-backup.ch\/wp-content\/uploads\/2018\/03\/kolo_mi_2-600x500.png 600w, https:\/\/test4.mi-backup.ch\/wp-content\/uploads\/2018\/03\/kolo_mi_2.png 1200w\" sizes=\"(max-width: 1024px) 100vw, 1024px\" \/><\/a><\/p>\n","protected":false},"excerpt":{"rendered":"<p>Zapraszamy na oficjaln\u0105 stron\u0119 M.I. 2 \u2014 Misja dla Rosji. Na stronie b\u0119d\u0105 publikowane wiadomo\u015bci dotycz\u0105ce dzia\u0142alno\u015bci Ko\u0142a M.I. 2 \u2014 Misja dla Rosji \u2014 tak\u017ce w j\u0119zyku polskim. Celem ko\u0142a jest szeroko poj\u0119ta pomoc (nadprzyrodzona i przyrodzona) w podejmowaniu dzia\u0142a\u0144 na rzecz wype\u0142nienia pro\u015bby Matki Bo\u017cej Fatimskiej o po\u015bwi\u0119ceniu<a class=\"more-link\" href=\"https:\/\/test4.mi-backup.ch\/pl\/kolo-mi-2-misja-dla-rosji\/\">Czytaj dalej &rarr;<\/a><\/p>\n","protected":false},"author":9,"featured_media":0,"parent":0,"menu_order":0,"comment_status":"closed","ping_status":"closed","template":"","meta":[],"_links":{"self":[{"href":"https:\/\/test4.mi-backup.ch\/pl\/wp-json\/wp\/v2\/pages\/9978"}],"collection":[{"href":"https:\/\/test4.mi-backup.ch\/pl\/wp-json\/wp\/v2\/pages"}],"about":[{"href":"https:\/\/test4.mi-backup.ch\/pl\/wp-json\/wp\/v2\/types\/page"}],"author":[{"embeddable":true,"href":"https:\/\/test4.mi-backup.ch\/pl\/wp-json\/wp\/v2\/users\/9"}],"replies":[{"embeddable":true,"href":"https:\/\/test4.mi-backup.ch\/pl\/wp-json\/wp\/v2\/comments?post=9978"}],"version-history":[{"count":3,"href":"https:\/\/test4.mi-backup.ch\/pl\/wp-json\/wp\/v2\/pages\/9978\/revisions"}],"predecessor-version":[{"id":9982,"href":"https:\/\/test4.mi-backup.ch\/pl\/wp-json\/wp\/v2\/pages\/9978\/revisions\/9982"}],"wp:attachment":[{"href":"https:\/\/test4.mi-backup.ch\/pl\/wp-json\/wp\/v2\/media?parent=9978"}],"curies":[{"name":"wp","href":"https:\/\/api.w.org\/{rel}","templated":true}]}}