{"id":21946,"date":"2019-10-29T21:01:34","date_gmt":"2019-10-29T20:01:34","guid":{"rendered":"https:\/\/test4.mi-backup.ch\/?post_type=product&#038;p=21946"},"modified":"2023-03-01T22:06:57","modified_gmt":"2023-03-01T21:06:57","slug":"ulotka-o-cudownym-medaliku-2","status":"publish","type":"product","link":"https:\/\/test4.mi-backup.ch\/pl\/shop\/cudowny-medalik\/ulotka-o-cudownym-medaliku-2\/","title":{"rendered":"Ulotka o Cudownym Medaliku"},"content":{"rendered":"<p>Ta ulotka (rozmiar DIN A7) jest odpowiednia jako ulotka towarzysz\u0105ca Cudownemu Medalu. W kilku s\u0142owach wyja\u015bnia pochodzenie i znaczenie tego \u015brodka \u0142aski. Mamy r\u00f3wnie\u017c t\u0119 ulotk\u0119 w nast\u0119puj\u0105cych j\u0119zykach:<br \/>\n<a href=\"https:\/\/test4.mi-backup.ch\/wp-content\/uploads\/media\/Apostolat\/Ein-Zeichen-der-Liebe_pl.pdf\" target=\"_blank\" rel=\"noopener noreferrer\">Polski<\/a>, <a href=\"https:\/\/test4.mi-backup.ch\/wp-content\/uploads\/2017\/03\/Ein-Zeichen-der-Liebe_AFR.pdf\" target=\"_blank\" rel=\"noopener noreferrer\">afrikaans<\/a>, <a href=\"https:\/\/test4.mi-backup.ch\/wp-content\/uploads\/media\/Apostolat\/Ein-Zeichen-der-Liebe_engl.pdf\" target=\"_blank\" rel=\"noopener noreferrer\">angielski<\/a>, <a href=\"https:\/\/test4.mi-backup.ch\/wp-content\/uploads\/media\/Apostolat\/Flyer-01-arab.pdf\" target=\"_blank\" rel=\"noopener noreferrer\">arabski<\/a>, <a href=\"https:\/\/test4.mi-backup.ch\/wp-content\/uploads\/media\/Apostolat\/Flyer-01-chines-web_new.pdf\" target=\"_blank\" rel=\"noopener noreferrer\" class=\"broken_link\">chi\u0144ski<\/a>, <a href=\"https:\/\/test4.mi-backup.ch\/wp-content\/uploads\/media\/Apostolat\/Flyer-01-kroat--web.pdf\" target=\"_blank\" rel=\"noopener noreferrer\">chorwacki<\/a>, <a href=\"https:\/\/test4.mi-backup.ch\/wp-content\/uploads\/media\/Apostolat\/Flyer-01-fr-web.pdf\" target=\"_blank\" rel=\"noopener noreferrer\">francuski<\/a>, <a href=\"https:\/\/test4.mi-backup.ch\/wp-content\/uploads\/2017\/03\/Ein-Zeichen-der-Liebe_GRC.pdf\" target=\"_blank\" rel=\"noopener noreferrer\">grecki<\/a>, <a href=\"https:\/\/test4.mi-backup.ch\/wp-content\/uploads\/2017\/03\/Ein-Zeichen-der-Liebe_IND.pdf\" target=\"_blank\" rel=\"noopener noreferrer\">indonezyjski<\/a>, <a href=\"https:\/\/test4.mi-backup.ch\/wp-content\/uploads\/media\/Apostolat\/Flyer-01-span-web.pdf\" target=\"_blank\" rel=\"noopener noreferrer\">hiszpa\u0144ski<\/a>, <a href=\"https:\/\/test4.mi-backup.ch\/wp-content\/uploads\/2017\/03\/Ein-Zeichen-der-Liebe_NED.pdf\" target=\"_blank\" rel=\"noopener noreferrer\">holenderski<\/a>, <a href=\"https:\/\/test4.mi-backup.ch\/wp-content\/uploads\/media\/Apostolat\/Flyer-01-jap--web.pdf\" target=\"_blank\" rel=\"noopener noreferrer\">japo\u0144ski<\/a>, <a href=\"https:\/\/test4.mi-backup.ch\/wp-content\/uploads\/2017\/03\/Ein-Zeichen-der-Liebe_NOR.pdf\" target=\"_blank\" rel=\"noopener noreferrer\">norweski<\/a>, <a href=\"https:\/\/test4.mi-backup.ch\/wp-content\/uploads\/media\/Apostolat\/Flyer-01-port.pdf\" target=\"_blank\" rel=\"noopener noreferrer\" class=\"broken_link\">portugalski<\/a>, <a href=\"https:\/\/test4.mi-backup.ch\/wp-content\/uploads\/media\/Apostolat\/Flyer-01-rus.pdf\" target=\"_blank\" rel=\"noopener noreferrer\" class=\"broken_link\">rosyjski<\/a>, <a href=\"https:\/\/test4.mi-backup.ch\/wp-content\/uploads\/2017\/03\/Ein-Zeichen-der-Liebe_RUM.pdf\" target=\"_blank\" rel=\"noopener noreferrer\">rumu\u0144ski<\/a>, <a href=\"https:\/\/test4.mi-backup.ch\/wp-content\/uploads\/2017\/03\/Ein-Zeichen-der-Liebe_swahili.pdf\" target=\"_blank\" rel=\"noopener noreferrer\">suahili<\/a>,\u00a0 <a href=\"https:\/\/test4.mi-backup.ch\/wp-content\/uploads\/2017\/03\/Ein-Zeichen-der-Liebe_thai.pdf\" target=\"_blank\" rel=\"noopener noreferrer\" class=\"broken_link\">tajski,<\/a> <a href=\"https:\/\/test4.mi-backup.ch\/wp-content\/uploads\/2017\/03\/Ein-Zeichen-der-Liebe_TUR.pdf\" target=\"_blank\" rel=\"noopener noreferrer\">turecki<\/a>, <a href=\"https:\/\/test4.mi-backup.ch\/wp-content\/uploads\/2023\/03\/MI_EinZeichenDerLiebe_2022_UK_DRUCK.pdf\" target=\"_blank\" rel=\"noopener\">ukrai\u0144ski<\/a>, <a href=\"https:\/\/test4.mi-backup.ch\/wp-content\/uploads\/2017\/03\/Ein-Zeichen-der-Liebe_VIE.pdf\" target=\"_blank\" rel=\"noopener noreferrer\">wietnamski<\/a>, <a href=\"https:\/\/test4.mi-backup.ch\/wp-content\/uploads\/media\/Apostolat\/Flyer-01-ital-web.pdf\" target=\"_blank\" rel=\"noopener noreferrer\">w\u0142oski<\/a>, <a href=\"https:\/\/test4.mi-backup.ch\/wp-content\/uploads\/media\/Apostolat\/Flyer-01-ung-web.pdf\" target=\"_blank\" rel=\"noopener noreferrer\">w\u0119gierski<\/a>.<\/p>\n<p>Czy chcesz w innym j\u0119zyku? Skontaktuj si\u0119 z nami<\/p>\n<p><a href=\"https:\/\/test4.mi-backup.ch\/wp-content\/uploads\/media\/Apostolat\/Ein-Zeichen-der-Liebe_pl.pdf\" target=\"_blank\" rel=\"noopener noreferrer\">Zobacz ulotk\u0119<\/a><\/p>\n<p>&nbsp;<\/p>\n","protected":false},"excerpt":{"rendered":"<p>Ta ulotka (rozmiar DIN A7) jest odpowiednia jako ulotka towarzysz\u0105ca Cudownemu Medalu. W kilku s\u0142owach wyja\u015bnia pochodzenie i znaczenie tego \u015brodka \u0142aski. Mamy r\u00f3wnie\u017c t\u0119 ulotk\u0119 w nast\u0119puj\u0105cych j\u0119zykach: Polski, afrikaans, angielski, arabski, chi\u0144ski, chorwacki, francuski, grecki, indonezyjski, hiszpa\u0144ski, holenderski, japo\u0144ski, norweski, portugalski, rosyjski, rumu\u0144ski, suahili,\u00a0 tajski, turecki, ukrai\u0144ski, wietnamski,<a class=\"more-link\" href=\"https:\/\/test4.mi-backup.ch\/pl\/shop\/cudowny-medalik\/ulotka-o-cudownym-medaliku-2\/\">Czytaj dalej &rarr;<\/a><\/p>\n","protected":false},"featured_media":21625,"template":"","meta":[],"product_cat":[400,401],"product_tag":[],"_links":{"self":[{"href":"https:\/\/test4.mi-backup.ch\/pl\/wp-json\/wp\/v2\/product\/21946"}],"collection":[{"href":"https:\/\/test4.mi-backup.ch\/pl\/wp-json\/wp\/v2\/product"}],"about":[{"href":"https:\/\/test4.mi-backup.ch\/pl\/wp-json\/wp\/v2\/types\/product"}],"wp:featuredmedia":[{"embeddable":true,"href":"https:\/\/test4.mi-backup.ch\/pl\/wp-json\/wp\/v2\/media\/21625"}],"wp:attachment":[{"href":"https:\/\/test4.mi-backup.ch\/pl\/wp-json\/wp\/v2\/media?parent=21946"}],"wp:term":[{"taxonomy":"product_cat","embeddable":true,"href":"https:\/\/test4.mi-backup.ch\/pl\/wp-json\/wp\/v2\/product_cat?post=21946"},{"taxonomy":"product_tag","embeddable":true,"href":"https:\/\/test4.mi-backup.ch\/pl\/wp-json\/wp\/v2\/product_tag?post=21946"}],"curies":[{"name":"wp","href":"https:\/\/api.w.org\/{rel}","templated":true}]}}