{"id":21986,"date":"2019-10-29T21:36:28","date_gmt":"2019-10-29T20:36:28","guid":{"rendered":"https:\/\/test4.mi-backup.ch\/?post_type=product&#038;p=21986"},"modified":"2023-03-01T22:05:26","modified_gmt":"2023-03-01T21:05:26","slug":"apostolat-zestaw","status":"publish","type":"product","link":"https:\/\/test4.mi-backup.ch\/pl\/shop\/cudowny-medalik\/apostolat-zestaw\/","title":{"rendered":"apostolat zestaw"},"content":{"rendered":"<div id=\"tw-target-text-container\" class=\"tw-ta-container tw-nfl\">Ten praktyczny zestaw apostolski pozwala zawsze mie\u0107 przy sobie medale w podr\u00f3\u017cy. Zamykany plastikowy futera\u0142 zawiera po dziesi\u0119\u0107 medali i ulotek. Medale s\u0105 b\u0142ogos\u0142awione.<\/div>\n","protected":false},"excerpt":{"rendered":"<p>Ten praktyczny zestaw apostolski pozwala zawsze mie\u0107 przy sobie medale w podr\u00f3\u017cy. Zamykany plastikowy futera\u0142 zawiera po dziesi\u0119\u0107 medali i ulotek. Medale s\u0105 b\u0142ogos\u0142awione.<a class=\"more-link\" href=\"https:\/\/test4.mi-backup.ch\/pl\/shop\/cudowny-medalik\/apostolat-zestaw\/\">Czytaj dalej &rarr;<\/a><\/p>\n","protected":false},"featured_media":7934,"template":"","meta":[],"product_cat":[400,401],"product_tag":[],"_links":{"self":[{"href":"https:\/\/test4.mi-backup.ch\/pl\/wp-json\/wp\/v2\/product\/21986"}],"collection":[{"href":"https:\/\/test4.mi-backup.ch\/pl\/wp-json\/wp\/v2\/product"}],"about":[{"href":"https:\/\/test4.mi-backup.ch\/pl\/wp-json\/wp\/v2\/types\/product"}],"wp:featuredmedia":[{"embeddable":true,"href":"https:\/\/test4.mi-backup.ch\/pl\/wp-json\/wp\/v2\/media\/7934"}],"wp:attachment":[{"href":"https:\/\/test4.mi-backup.ch\/pl\/wp-json\/wp\/v2\/media?parent=21986"}],"wp:term":[{"taxonomy":"product_cat","embeddable":true,"href":"https:\/\/test4.mi-backup.ch\/pl\/wp-json\/wp\/v2\/product_cat?post=21986"},{"taxonomy":"product_tag","embeddable":true,"href":"https:\/\/test4.mi-backup.ch\/pl\/wp-json\/wp\/v2\/product_tag?post=21986"}],"curies":[{"name":"wp","href":"https:\/\/api.w.org\/{rel}","templated":true}]}}