{"id":87541,"date":"2023-01-05T10:49:15","date_gmt":"2023-03-01T22:21:45","guid":{"rendered":"https:\/\/test4.mi-backup.ch\/?post_type=product&#038;p=87541"},"modified":"2023-03-01T23:21:45","modified_gmt":"2023-03-01T22:21:45","slug":"odznaka-mi-okragla-przypinka","status":"publish","type":"product","link":"https:\/\/test4.mi-backup.ch\/pl\/shop\/cudowny-medalik\/odznaka-mi-okragla-przypinka\/","title":{"rendered":"Odznaka MI &#8211; okr\u0105g\u0142a przypinka"},"content":{"rendered":"<p>Okr\u0105g\u0142a przypinka MI przedstawia logo MI w kolorze srebrnym na niebieskim akrylowym tle. Logo to zjednoczone serca Jezusa i Maryi. Nad tym znajduje si\u0119 korona z krzy\u017cem, wyra\u017caj\u0105ca wol\u0119 MI budowania Kr\u00f3lestwa Chrystusa poprzez kr\u00f3lowanie Maryi na tym \u015bwiecie.<\/p>\n<p>Okr\u0105g\u0142a przypinka ma \u015brednic\u0119 19 mm.<\/p>\n<p>Odznaka MI jest przeznaczona tylko dla cz\u0142onk\u00f3w lub rycerzy MI i s\u0142u\u017cy jako zewn\u0119trzny znak rozpoznawczy. Otrzymuje si\u0119 j\u0105 od kap\u0142ana, kt\u00f3ry dokonuje inicjacji lub od odpowiedzialnego koordynatora MI.<\/p>\n","protected":false},"excerpt":{"rendered":"<p>Okr\u0105g\u0142a przypinka MI przedstawia logo MI w kolorze srebrnym na niebieskim akrylowym tle. Logo to zjednoczone serca Jezusa i Maryi. Nad tym znajduje si\u0119 korona z krzy\u017cem, wyra\u017caj\u0105ca wol\u0119 MI budowania Kr\u00f3lestwa Chrystusa poprzez kr\u00f3lowanie Maryi na tym \u015bwiecie. Okr\u0105g\u0142a przypinka ma \u015brednic\u0119 19 mm. Odznaka MI jest przeznaczona tylko<a class=\"more-link\" href=\"https:\/\/test4.mi-backup.ch\/pl\/shop\/cudowny-medalik\/odznaka-mi-okragla-przypinka\/\">Czytaj dalej &rarr;<\/a><\/p>\n","protected":false},"featured_media":84893,"template":"","meta":[],"product_cat":[400,401],"product_tag":[],"_links":{"self":[{"href":"https:\/\/test4.mi-backup.ch\/pl\/wp-json\/wp\/v2\/product\/87541"}],"collection":[{"href":"https:\/\/test4.mi-backup.ch\/pl\/wp-json\/wp\/v2\/product"}],"about":[{"href":"https:\/\/test4.mi-backup.ch\/pl\/wp-json\/wp\/v2\/types\/product"}],"wp:featuredmedia":[{"embeddable":true,"href":"https:\/\/test4.mi-backup.ch\/pl\/wp-json\/wp\/v2\/media\/84893"}],"wp:attachment":[{"href":"https:\/\/test4.mi-backup.ch\/pl\/wp-json\/wp\/v2\/media?parent=87541"}],"wp:term":[{"taxonomy":"product_cat","embeddable":true,"href":"https:\/\/test4.mi-backup.ch\/pl\/wp-json\/wp\/v2\/product_cat?post=87541"},{"taxonomy":"product_tag","embeddable":true,"href":"https:\/\/test4.mi-backup.ch\/pl\/wp-json\/wp\/v2\/product_tag?post=87541"}],"curies":[{"name":"wp","href":"https:\/\/api.w.org\/{rel}","templated":true}]}}